{"id":5877,"date":"2026-03-23T10:16:11","date_gmt":"2026-03-23T07:16:11","guid":{"rendered":"https:\/\/retechgenius.com\/endustriyel-boyama-cozumleri\/"},"modified":"2026-04-02T13:41:54","modified_gmt":"2026-04-02T10:41:54","slug":"endustriyel-boyama-cozumleri","status":"publish","type":"page","link":"https:\/\/retechgenius.com\/tr\/uretim-kompozit-cozumleri\/endustriyel-boyama-cozumleri\/","title":{"rendered":"End\u00fcstriyel Boyama \u00c7\u00f6z\u00fcmleri"},"content":{"rendered":"<div class=\"fusion-fullwidth fullwidth-box fusion-builder-row-1 fusion-flex-container nonhundred-percent-fullwidth non-hundred-percent-height-scrolling\" style=\"--awb-border-radius-top-left:0px;--awb-border-radius-top-right:0px;--awb-border-radius-bottom-right:0px;--awb-border-radius-bottom-left:0px;--awb-flex-wrap:wrap;\" ><div class=\"fusion-builder-row fusion-row fusion-flex-align-items-flex-start fusion-flex-content-wrap\" style=\"max-width:1248px;margin-left: calc(-4% \/ 2 );margin-right: calc(-4% \/ 2 );\"><div class=\"fusion-layout-column fusion_builder_column fusion-builder-column-0 fusion_builder_column_1_1 1_1 fusion-flex-column\" style=\"--awb-bg-size:cover;--awb-width-large:100%;--awb-margin-top-large:0px;--awb-spacing-right-large:1.92%;--awb-margin-bottom-large:20px;--awb-spacing-left-large:1.92%;--awb-width-medium:100%;--awb-order-medium:0;--awb-spacing-right-medium:1.92%;--awb-spacing-left-medium:1.92%;--awb-width-small:100%;--awb-order-small:0;--awb-spacing-right-small:1.92%;--awb-spacing-left-small:1.92%;\"><div class=\"fusion-column-wrapper fusion-column-has-shadow fusion-flex-justify-content-flex-start fusion-content-layout-column\"><div class=\"fusion-image-carousel fusion-image-carousel-auto fusion-image-carousel-1\" style=\"margin-bottom:10px;\"><div data-slide-effect=\"fade\" class=\"awb-carousel awb-swiper awb-swiper-carousel awb-carousel--slider awb-swiper-dots-position-bottom\" data-layout=\"slider\" data-autoplay=\"yes\" data-autoplayspeed=\"3400\" data-autoplaypause=\"no\" data-columns=\"5\" data-columnsmedium=\"1\" data-columnssmall=\"1\" data-itemmargin=\"13\" data-itemwidth=\"180\" data-touchscroll=\"no\" data-freemode=\"no\" data-imagesize=\"auto\" data-scrollitems=\"0\" data-centeredslides=\"no\" data-rotationangle=\"50\" data-depth=\"100\" data-speed=\"500\" data-shadow=\"no\" data-pagination=\"bullets\" style=\"--awb-dots-align:center;\"><div class=\"swiper-wrapper awb-image-carousel-wrapper fusion-flex-align-items-center\"><div class=\"swiper-slide\"><div class=\"fusion-carousel-item-wrapper\"><div class=\"fusion-image-wrapper hover-type-none\"><img decoding=\"async\" width=\"1250\" height=\"500\" src=\"https:\/\/retechgenius.com\/wp-content\/uploads\/2026\/03\/painting-1.webp\" class=\"attachment-full size-full\" alt=\"\" srcset=\"https:\/\/retechgenius.com\/wp-content\/uploads\/2026\/03\/painting-1-200x80.webp 200w, https:\/\/retechgenius.com\/wp-content\/uploads\/2026\/03\/painting-1-300x120.webp 300w, https:\/\/retechgenius.com\/wp-content\/uploads\/2026\/03\/painting-1-400x160.webp 400w, https:\/\/retechgenius.com\/wp-content\/uploads\/2026\/03\/painting-1-600x240.webp 600w, https:\/\/retechgenius.com\/wp-content\/uploads\/2026\/03\/painting-1-768x307.webp 768w, https:\/\/retechgenius.com\/wp-content\/uploads\/2026\/03\/painting-1-800x320.webp 800w, https:\/\/retechgenius.com\/wp-content\/uploads\/2026\/03\/painting-1-1030x412.webp 1030w, https:\/\/retechgenius.com\/wp-content\/uploads\/2026\/03\/painting-1-1200x480.webp 1200w, https:\/\/retechgenius.com\/wp-content\/uploads\/2026\/03\/painting-1.webp 1250w\" sizes=\"(max-width: 1250px) 100vw, 1250px\" \/><\/div><\/div><\/div><div class=\"swiper-slide\"><div class=\"fusion-carousel-item-wrapper\"><div class=\"fusion-image-wrapper hover-type-none\"><img decoding=\"async\" width=\"1250\" height=\"500\" src=\"https:\/\/retechgenius.com\/wp-content\/uploads\/2026\/03\/painting4_500.webp\" class=\"attachment-full size-full\" alt=\"\" srcset=\"https:\/\/retechgenius.com\/wp-content\/uploads\/2026\/03\/painting4_500-200x80.webp 200w, https:\/\/retechgenius.com\/wp-content\/uploads\/2026\/03\/painting4_500-300x120.webp 300w, https:\/\/retechgenius.com\/wp-content\/uploads\/2026\/03\/painting4_500-400x160.webp 400w, https:\/\/retechgenius.com\/wp-content\/uploads\/2026\/03\/painting4_500-600x240.webp 600w, https:\/\/retechgenius.com\/wp-content\/uploads\/2026\/03\/painting4_500-768x307.webp 768w, https:\/\/retechgenius.com\/wp-content\/uploads\/2026\/03\/painting4_500-800x320.webp 800w, https:\/\/retechgenius.com\/wp-content\/uploads\/2026\/03\/painting4_500-1030x412.webp 1030w, https:\/\/retechgenius.com\/wp-content\/uploads\/2026\/03\/painting4_500-1200x480.webp 1200w, https:\/\/retechgenius.com\/wp-content\/uploads\/2026\/03\/painting4_500.webp 1250w\" sizes=\"(max-width: 1250px) 100vw, 1250px\" \/><\/div><\/div><\/div><div class=\"swiper-slide\"><div class=\"fusion-carousel-item-wrapper\"><div class=\"fusion-image-wrapper hover-type-none\"><img decoding=\"async\" width=\"1250\" height=\"500\" src=\"https:\/\/retechgenius.com\/wp-content\/uploads\/2026\/03\/Painting_500-2.webp\" class=\"attachment-full size-full\" alt=\"\" srcset=\"https:\/\/retechgenius.com\/wp-content\/uploads\/2026\/03\/Painting_500-2-200x80.webp 200w, https:\/\/retechgenius.com\/wp-content\/uploads\/2026\/03\/Painting_500-2-300x120.webp 300w, https:\/\/retechgenius.com\/wp-content\/uploads\/2026\/03\/Painting_500-2-400x160.webp 400w, https:\/\/retechgenius.com\/wp-content\/uploads\/2026\/03\/Painting_500-2-600x240.webp 600w, https:\/\/retechgenius.com\/wp-content\/uploads\/2026\/03\/Painting_500-2-768x307.webp 768w, https:\/\/retechgenius.com\/wp-content\/uploads\/2026\/03\/Painting_500-2-800x320.webp 800w, https:\/\/retechgenius.com\/wp-content\/uploads\/2026\/03\/Painting_500-2-1030x412.webp 1030w, https:\/\/retechgenius.com\/wp-content\/uploads\/2026\/03\/Painting_500-2-1200x480.webp 1200w, https:\/\/retechgenius.com\/wp-content\/uploads\/2026\/03\/Painting_500-2.webp 1250w\" sizes=\"(max-width: 1250px) 100vw, 1250px\" \/><\/div><\/div><\/div><\/div><div class=\"awb-swiper-button awb-swiper-button-prev\"><i class=\"awb-icon-angle-left\" aria-hidden=\"true\"><\/i><\/div><div class=\"awb-swiper-button awb-swiper-button-next\"><i class=\"awb-icon-angle-right\" aria-hidden=\"true\"><\/i><\/div><\/div><\/div><\/div><\/div><div class=\"fusion-layout-column fusion_builder_column fusion-builder-column-1 fusion_builder_column_1_1 1_1 fusion-flex-column\" style=\"--awb-bg-size:cover;--awb-width-large:100%;--awb-margin-top-large:0px;--awb-spacing-right-large:1.92%;--awb-margin-bottom-large:20px;--awb-spacing-left-large:1.92%;--awb-width-medium:100%;--awb-order-medium:0;--awb-spacing-right-medium:1.92%;--awb-spacing-left-medium:1.92%;--awb-width-small:100%;--awb-order-small:0;--awb-spacing-right-small:1.92%;--awb-spacing-left-small:1.92%;\"><div class=\"fusion-column-wrapper fusion-column-has-shadow fusion-flex-justify-content-flex-start fusion-content-layout-column\"><div class=\"fusion-title title fusion-title-1 fusion-sep-none fusion-title-text fusion-title-size-one\" style=\"--awb-margin-top-small:10px;--awb-margin-right-small:0px;--awb-margin-bottom-small:10px;--awb-margin-left-small:0px;--awb-font-size:32px;\"><h1 class=\"fusion-title-heading title-heading-left\" style=\"margin:0;font-size:1em;\"><p style=\"font-size: 16px; letter-spacing: 4px; text-transform: uppercase; color: #0077b6; font-weight: bold; margin-bottom: 18px;\">Y\u00fczey \u0130\u015flemleri<\/p>\n<h1 style=\"font-size: 40px; font-weight: 800; letter-spacing: -0.8px; line-height: 1.1; margin: 0;\"><span style=\"color: #0077b6;\">M\u00fchendislik Sistemleri<\/span> i\u00e7in End\u00fcstriyel Boyama<\/h1><\/h1><\/div><\/div><\/div><div class=\"fusion-layout-column fusion_builder_column fusion-builder-column-2 fusion_builder_column_1_1 1_1 fusion-flex-column\" style=\"--awb-bg-size:cover;--awb-width-large:100%;--awb-margin-top-large:0px;--awb-spacing-right-large:1.92%;--awb-margin-bottom-large:30px;--awb-spacing-left-large:1.92%;--awb-width-medium:100%;--awb-spacing-right-medium:1.92%;--awb-spacing-left-medium:1.92%;--awb-width-small:100%;--awb-spacing-right-small:1.92%;--awb-spacing-left-small:1.92%;\"><div class=\"fusion-column-wrapper fusion-flex-justify-content-flex-start fusion-content-layout-column\"><div class=\"fusion-text fusion-text-1\"><p style=\"margin-bottom:14px;\">Retech&#8217;te end\u00fcstriyel boyama sadece bir y\u00fczeyi bitirmekten ibaret de\u011fildir. Bu, m\u00fchendislik sistemlerinin korunmas\u0131, geli\u015ftirilmesi ve \u00f6mr\u00fcn\u00fcn uzat\u0131lmas\u0131 anlam\u0131na gelir. <\/p>\n<p>End\u00fcstriyel bile\u015fenler, mod\u00fcler yap\u0131lar ve geli\u015fmi\u015f kompozit sistemler i\u00e7in y\u00fcksek performansl\u0131 boyama ve kaplama \u00e7\u00f6z\u00fcmleri sunuyoruz. Her uygulama, zorlu ko\u015fullar alt\u0131nda uzun vadeli dayan\u0131kl\u0131l\u0131k, diren\u00e7 ve g\u00f6rsel tutarl\u0131l\u0131k sa\u011flamak \u00fczere tasarlanm\u0131\u015ft\u0131r. <\/p>\n<\/div><\/div><\/div><div class=\"fusion-layout-column fusion_builder_column fusion-builder-column-3 fusion_builder_column_1_3 1_3 fusion-flex-column\" style=\"--awb-bg-size:cover;--awb-width-large:33.333333333333%;--awb-margin-top-large:0px;--awb-spacing-right-large:5.76%;--awb-margin-bottom-large:20px;--awb-spacing-left-large:5.76%;--awb-width-medium:33.333333333333%;--awb-order-medium:0;--awb-spacing-right-medium:5.76%;--awb-spacing-left-medium:5.76%;--awb-width-small:100%;--awb-order-small:0;--awb-spacing-right-small:1.92%;--awb-spacing-left-small:1.92%;\"><div class=\"fusion-column-wrapper fusion-column-has-shadow fusion-flex-justify-content-flex-start fusion-content-layout-column\"><div class=\"fusion-text fusion-text-2\"><div style=\"text-align:center; padding:32px 16px;\">\n<p style=\"font-size:38px; font-weight:800; color:#0077B6; letter-spacing:-1px; line-height:1; margin-bottom:8px;\">3&#8217;\u00fc 1 Arada<\/p>\n<p style=\"font-size:11px; letter-spacing:2px; text-transform:uppercase;\">Haz\u0131rla, Uygula, Do\u011frula<\/p>\n<\/div>\n<\/div><\/div><\/div><div class=\"fusion-layout-column fusion_builder_column fusion-builder-column-4 fusion_builder_column_1_3 1_3 fusion-flex-column\" style=\"--awb-bg-size:cover;--awb-width-large:33.333333333333%;--awb-margin-top-large:0px;--awb-spacing-right-large:5.76%;--awb-margin-bottom-large:20px;--awb-spacing-left-large:5.76%;--awb-width-medium:33.333333333333%;--awb-order-medium:0;--awb-spacing-right-medium:5.76%;--awb-spacing-left-medium:5.76%;--awb-width-small:100%;--awb-order-small:0;--awb-spacing-right-small:1.92%;--awb-spacing-left-small:1.92%;\"><div class=\"fusion-column-wrapper fusion-column-has-shadow fusion-flex-justify-content-flex-start fusion-content-layout-column\"><div class=\"fusion-text fusion-text-3\"><div style=\"text-align:center; padding:32px 16px; border-left:1px solid rgba(255,255,255,0.08); border-right:1px solid rgba(255,255,255,0.08);\">\n<p style=\"font-size:38px; font-weight:800; color:#0077B6; letter-spacing:-1px; line-height:1; margin-bottom:8px;\">100%<\/p>\n<p style=\"font-size:11px; letter-spacing:2px; text-transform:uppercase;\">Kurum \u0130\u00e7i Uygulama<\/p>\n<\/div>\n<\/div><\/div><\/div><div class=\"fusion-layout-column fusion_builder_column fusion-builder-column-5 fusion_builder_column_1_3 1_3 fusion-flex-column\" style=\"--awb-bg-size:cover;--awb-width-large:33.333333333333%;--awb-margin-top-large:0px;--awb-spacing-right-large:5.76%;--awb-margin-bottom-large:20px;--awb-spacing-left-large:5.76%;--awb-width-medium:33.333333333333%;--awb-order-medium:0;--awb-spacing-right-medium:5.76%;--awb-spacing-left-medium:5.76%;--awb-width-small:100%;--awb-order-small:0;--awb-spacing-right-small:1.92%;--awb-spacing-left-small:1.92%;\"><div class=\"fusion-column-wrapper fusion-column-has-shadow fusion-flex-justify-content-flex-start fusion-content-layout-column\"><div class=\"fusion-text fusion-text-4\"><div style=\"text-align:center; padding:32px 16px;\">\n<p style=\"font-size:38px; font-weight:800; color:#0077B6; letter-spacing:-1px; line-height:1; margin-bottom:8px;\">UV<\/p>\n<p style=\"font-size:11px; letter-spacing:2px; text-transform:uppercase;\">Korozyon ve UV Diren\u00e7li<\/p>\n<\/div>\n<\/div><\/div><\/div><div class=\"fusion-layout-column fusion_builder_column fusion-builder-column-6 fusion_builder_column_1_1 1_1 fusion-flex-column\" style=\"--awb-bg-size:cover;--awb-width-large:100%;--awb-margin-top-large:31px;--awb-spacing-right-large:1.92%;--awb-margin-bottom-large:20px;--awb-spacing-left-large:1.92%;--awb-width-medium:100%;--awb-order-medium:0;--awb-spacing-right-medium:1.92%;--awb-spacing-left-medium:1.92%;--awb-width-small:100%;--awb-order-small:0;--awb-spacing-right-small:1.92%;--awb-spacing-left-small:1.92%;\"><div class=\"fusion-column-wrapper fusion-column-has-shadow fusion-flex-justify-content-flex-start fusion-content-layout-column\"><div class=\"fusion-text fusion-text-5\"><p style=\"margin-bottom:14px;\">Yetkinliklerimiz, koruyucu kaplamalar, y\u00fczey i\u015flemleri ve hassas bitirme dahil olmak \u00fczere geni\u015f bir s\u00fcre\u00e7 yelpazesini kapsamaktad\u0131r. Her projeye malzeme davran\u0131\u015flar\u0131, \u00e7evresel maruziyet ve son kullan\u0131m gereksinimleri hakk\u0131nda derinlemesine bir anlay\u0131\u015fla yakla\u015f\u0131l\u0131r. <\/p>\n<p style=\"margin-bottom:14px;\">Korozyona, UV \u0131\u015f\u0131nlar\u0131na, kimyasallara ve a\u015f\u0131nmaya kar\u015f\u0131 diren\u00e7 sunan geli\u015fmi\u015f kaplama teknolojileri ve y\u00fcksek kaliteli malzemelerle \u00e7al\u0131\u015f\u0131yoruz. Kontroll\u00fc uygulama s\u00fcre\u00e7lerimiz tutarl\u0131l\u0131k, yap\u0131\u015fma ve uzun \u00f6m\u00fcrl\u00fc sonu\u00e7lar\u0131 garanti eder. <\/p>\n<p>S\u00fcre\u00e7lerimiz, her a\u015famada y\u00fczey haz\u0131rl\u0131\u011f\u0131, kontroll\u00fc uygulama ve kalite do\u011frulamay\u0131 i\u00e7erir. Bu, her bir bile\u015fenin kat\u0131 performans ve estetik standartlar\u0131 kar\u015f\u0131lamas\u0131n\u0131 sa\u011flar. <\/p>\n<\/div><\/div><\/div><div class=\"fusion-layout-column fusion_builder_column fusion-builder-column-7 fusion_builder_column_1_1 1_1 fusion-flex-column\" style=\"--awb-bg-size:cover;--awb-width-large:100%;--awb-margin-top-large:0px;--awb-spacing-right-large:1.92%;--awb-margin-bottom-large:20px;--awb-spacing-left-large:1.92%;--awb-width-medium:100%;--awb-order-medium:0;--awb-spacing-right-medium:1.92%;--awb-spacing-left-medium:1.92%;--awb-width-small:100%;--awb-order-small:0;--awb-spacing-right-small:1.92%;--awb-spacing-left-small:1.92%;\"><div class=\"fusion-column-wrapper fusion-column-has-shadow fusion-flex-justify-content-flex-start fusion-content-layout-column\"><div class=\"fusion-text fusion-text-6\"><h2 style=\"font-size:16px; letter-spacing:3px; text-transform:uppercase; color:#0077B6; font-weight:700; margin-bottom:24px;\">Sunduklar\u0131m\u0131z<\/h2>\n<div style=\"display:grid; grid-template-columns:1fr 1fr; gap:12px;\">\n<div style=\"padding:20px 24px; border-top:2px solid #0077B6; background:#111111;\">\n<p>Y\u00fcksek dayan\u0131kl\u0131l\u0131\u011fa sahip end\u00fcstriyel kaplamalar<\/p>\n<\/p>\n<\/div>\n<div style=\"padding:20px 24px; border-top:2px solid #0077B6; background:#111111;\">\n<p>Geli\u015fmi\u015f y\u00fczey koruma sistemleri<\/p>\n<\/p>\n<\/div>\n<div style=\"padding:20px 24px; border-top:2px solid #0077B6; background:#111111;\">\n<p>M\u00fchendislik bile\u015fenleri i\u00e7in hassas bitirme<\/p>\n<\/p>\n<\/div>\n<div style=\"padding:20px 24px; border-top:2px solid #0077B6; background:#111111;\">\n<p>Seri \u00fcretim ve \u00f6zel yap\u0131m \u00fcr\u00fcnlerde tutarl\u0131 kalite<\/p>\n<\/p>\n<\/div>\n<\/div>\n<\/div><\/div><\/div><div class=\"fusion-layout-column fusion_builder_column fusion-builder-column-8 fusion_builder_column_1_1 1_1 fusion-flex-column\" style=\"--awb-bg-size:cover;--awb-width-large:100%;--awb-margin-top-large:30px;--awb-spacing-right-large:1.92%;--awb-margin-bottom-large:35px;--awb-spacing-left-large:1.92%;--awb-width-medium:100%;--awb-order-medium:0;--awb-spacing-right-medium:1.92%;--awb-spacing-left-medium:1.92%;--awb-width-small:100%;--awb-order-small:0;--awb-spacing-right-small:1.92%;--awb-spacing-left-small:1.92%;\"><div class=\"fusion-column-wrapper fusion-column-has-shadow fusion-flex-justify-content-flex-start fusion-content-layout-column\"><div class=\"fusion-text fusion-text-7\"><div style=\"border-left:3px solid #0077B6; padding-left:24px;\">\n<p style=\"font-style:italic;\">Retech&#8217;te boyama son bir ad\u0131m de\u011fildir. Bir \u00fcr\u00fcn\u00fcn zaman i\u00e7inde nas\u0131l performans g\u00f6sterece\u011fini belirleyen m\u00fchendislik s\u00fcrecinin kritik bir par\u00e7as\u0131d\u0131r. <\/p>\n<\/div>\n<\/div><\/div><\/div><div class=\"fusion-layout-column fusion_builder_column fusion-builder-column-9 fusion_builder_column_1_1 1_1 fusion-flex-column\" style=\"--awb-bg-size:cover;--awb-width-large:100%;--awb-margin-top-large:0px;--awb-spacing-right-large:1.92%;--awb-margin-bottom-large:20px;--awb-spacing-left-large:1.92%;--awb-width-medium:100%;--awb-order-medium:0;--awb-spacing-right-medium:1.92%;--awb-spacing-left-medium:1.92%;--awb-width-small:100%;--awb-order-small:0;--awb-spacing-right-small:1.92%;--awb-spacing-left-small:1.92%;\"><div class=\"fusion-column-wrapper fusion-column-has-shadow fusion-flex-justify-content-flex-start fusion-content-layout-column\"><div class=\"fusion-separator fusion-full-width-sep\" style=\"align-self: center;margin-left: auto;margin-right: auto;margin-top:15px;margin-bottom:50px;width:100%;\"><div class=\"fusion-separator-border sep-shadow\" style=\"--awb-height:20px;--awb-amount:20px;background:radial-gradient(ellipse at 50% -50% , var(--awb-color3) 0px, rgba(255, 255, 255, 0) 80%) repeat scroll 0 0 rgba(0, 0, 0, 0);background:-webkit-radial-gradient(ellipse at 50% -50% , var(--awb-color3) 0px, rgba(255, 255, 255, 0) 80%) repeat scroll 0 0 rgba(0, 0, 0, 0);background:-moz-radial-gradient(ellipse at 50% -50% , var(--awb-color3) 0px, rgba(255, 255, 255, 0) 80%) repeat scroll 0 0 rgba(0, 0, 0, 0);background:-o-radial-gradient(ellipse at 50% -50% , var(--awb-color3) 0px, rgba(255, 255, 255, 0) 80%) repeat scroll 0 0 rgba(0, 0, 0, 0);\"><\/div><\/div><\/div><\/div><\/div><\/div>\n","protected":false},"excerpt":{"rendered":"","protected":false},"author":3,"featured_media":0,"parent":5983,"menu_order":0,"comment_status":"closed","ping_status":"closed","template":"100-width.php","meta":{"nf_dc_page":"","_themeisle_gutenberg_block_has_review":false,"footnotes":""},"class_list":["post-5877","page","type-page","status-publish","hentry"],"yoast_head":"<!-- This site is optimized with the Yoast SEO plugin v27.3 - https:\/\/yoast.com\/product\/yoast-seo-wordpress\/ -->\n<title>End\u00fcstriyel Boyama \u00c7\u00f6z\u00fcmleri - Retech | Industrial Architecture and Engineering Solutions<\/title>\n<meta name=\"robots\" content=\"index, follow, max-snippet:-1, max-image-preview:large, max-video-preview:-1\" \/>\n<link rel=\"canonical\" href=\"https:\/\/retechgenius.com\/tr\/uretim-kompozit-cozumleri\/endustriyel-boyama-cozumleri\/\" \/>\n<meta property=\"og:locale\" content=\"tr_TR\" \/>\n<meta property=\"og:type\" content=\"article\" \/>\n<meta property=\"og:title\" content=\"End\u00fcstriyel Boyama \u00c7\u00f6z\u00fcmleri - Retech | Industrial Architecture and Engineering Solutions\" \/>\n<meta property=\"og:url\" content=\"https:\/\/retechgenius.com\/tr\/uretim-kompozit-cozumleri\/endustriyel-boyama-cozumleri\/\" \/>\n<meta property=\"og:site_name\" content=\"Retech | Industrial Architecture and Engineering Solutions\" \/>\n<meta property=\"article:modified_time\" content=\"2026-04-02T10:41:54+00:00\" \/>\n<meta name=\"twitter:card\" content=\"summary_large_image\" \/>\n<meta name=\"twitter:label1\" content=\"Tahmini okuma s\u00fcresi\" \/>\n\t<meta name=\"twitter:data1\" content=\"16 dakika\" \/>\n<script type=\"application\/ld+json\" class=\"yoast-schema-graph\">{\"@context\":\"https:\\\/\\\/schema.org\",\"@graph\":[{\"@type\":\"WebPage\",\"@id\":\"https:\\\/\\\/retechgenius.com\\\/tr\\\/uretim-kompozit-cozumleri\\\/endustriyel-boyama-cozumleri\\\/\",\"url\":\"https:\\\/\\\/retechgenius.com\\\/tr\\\/uretim-kompozit-cozumleri\\\/endustriyel-boyama-cozumleri\\\/\",\"name\":\"End\u00fcstriyel Boyama \u00c7\u00f6z\u00fcmleri - Retech | Industrial Architecture and Engineering Solutions\",\"isPartOf\":{\"@id\":\"https:\\\/\\\/retechgenius.com\\\/tr\\\/#website\"},\"datePublished\":\"2026-03-23T07:16:11+00:00\",\"dateModified\":\"2026-04-02T10:41:54+00:00\",\"breadcrumb\":{\"@id\":\"https:\\\/\\\/retechgenius.com\\\/tr\\\/uretim-kompozit-cozumleri\\\/endustriyel-boyama-cozumleri\\\/#breadcrumb\"},\"inLanguage\":\"tr\",\"potentialAction\":[{\"@type\":\"ReadAction\",\"target\":[\"https:\\\/\\\/retechgenius.com\\\/tr\\\/uretim-kompozit-cozumleri\\\/endustriyel-boyama-cozumleri\\\/\"]}]},{\"@type\":\"BreadcrumbList\",\"@id\":\"https:\\\/\\\/retechgenius.com\\\/tr\\\/uretim-kompozit-cozumleri\\\/endustriyel-boyama-cozumleri\\\/#breadcrumb\",\"itemListElement\":[{\"@type\":\"ListItem\",\"position\":1,\"name\":\"Home\",\"item\":\"https:\\\/\\\/retechgenius.com\\\/tr\\\/\"},{\"@type\":\"ListItem\",\"position\":2,\"name\":\"\u00dcretim &amp; Kompozit \u00c7\u00f6z\u00fcmleri\",\"item\":\"https:\\\/\\\/retechgenius.com\\\/tr\\\/uretim-kompozit-cozumleri\\\/\"},{\"@type\":\"ListItem\",\"position\":3,\"name\":\"End\u00fcstriyel Boyama \u00c7\u00f6z\u00fcmleri\"}]},{\"@type\":\"WebSite\",\"@id\":\"https:\\\/\\\/retechgenius.com\\\/tr\\\/#website\",\"url\":\"https:\\\/\\\/retechgenius.com\\\/tr\\\/\",\"name\":\"Retech: Advanced Industrial Solutions\",\"description\":\"Advanced modular infrastructure and smart autonomous buildings for global industrial markets.\",\"publisher\":{\"@id\":\"https:\\\/\\\/retechgenius.com\\\/tr\\\/#organization\"},\"potentialAction\":[{\"@type\":\"SearchAction\",\"target\":{\"@type\":\"EntryPoint\",\"urlTemplate\":\"https:\\\/\\\/retechgenius.com\\\/tr\\\/?s={search_term_string}\"},\"query-input\":{\"@type\":\"PropertyValueSpecification\",\"valueRequired\":true,\"valueName\":\"search_term_string\"}}],\"inLanguage\":\"tr\"},{\"@type\":\"Organization\",\"@id\":\"https:\\\/\\\/retechgenius.com\\\/tr\\\/#organization\",\"name\":\"Retech\",\"url\":\"https:\\\/\\\/retechgenius.com\\\/tr\\\/\",\"logo\":{\"@type\":\"ImageObject\",\"inLanguage\":\"tr\",\"@id\":\"https:\\\/\\\/retechgenius.com\\\/tr\\\/#\\\/schema\\\/logo\\\/image\\\/\",\"url\":\"https:\\\/\\\/i0.wp.com\\\/retechgenius.com\\\/wp-content\\\/uploads\\\/2024\\\/03\\\/Retech.jpg?fit=705%2C350\",\"contentUrl\":\"https:\\\/\\\/i0.wp.com\\\/retechgenius.com\\\/wp-content\\\/uploads\\\/2024\\\/03\\\/Retech.jpg?fit=705%2C350\",\"width\":705,\"height\":350,\"caption\":\"Retech\"},\"image\":{\"@id\":\"https:\\\/\\\/retechgenius.com\\\/tr\\\/#\\\/schema\\\/logo\\\/image\\\/\"},\"sameAs\":[\"https:\\\/\\\/www.linkedin.com\\\/company\\\/retech-composite-solutions\\\/\"]}]}<\/script>\n<!-- \/ Yoast SEO plugin. -->","yoast_head_json":{"title":"End\u00fcstriyel Boyama \u00c7\u00f6z\u00fcmleri - Retech | Industrial Architecture and Engineering Solutions","robots":{"index":"index","follow":"follow","max-snippet":"max-snippet:-1","max-image-preview":"max-image-preview:large","max-video-preview":"max-video-preview:-1"},"canonical":"https:\/\/retechgenius.com\/tr\/uretim-kompozit-cozumleri\/endustriyel-boyama-cozumleri\/","og_locale":"tr_TR","og_type":"article","og_title":"End\u00fcstriyel Boyama \u00c7\u00f6z\u00fcmleri - Retech | Industrial Architecture and Engineering Solutions","og_url":"https:\/\/retechgenius.com\/tr\/uretim-kompozit-cozumleri\/endustriyel-boyama-cozumleri\/","og_site_name":"Retech | Industrial Architecture and Engineering Solutions","article_modified_time":"2026-04-02T10:41:54+00:00","twitter_card":"summary_large_image","twitter_misc":{"Tahmini okuma s\u00fcresi":"16 dakika"},"schema":{"@context":"https:\/\/schema.org","@graph":[{"@type":"WebPage","@id":"https:\/\/retechgenius.com\/tr\/uretim-kompozit-cozumleri\/endustriyel-boyama-cozumleri\/","url":"https:\/\/retechgenius.com\/tr\/uretim-kompozit-cozumleri\/endustriyel-boyama-cozumleri\/","name":"End\u00fcstriyel Boyama \u00c7\u00f6z\u00fcmleri - Retech | Industrial Architecture and Engineering Solutions","isPartOf":{"@id":"https:\/\/retechgenius.com\/tr\/#website"},"datePublished":"2026-03-23T07:16:11+00:00","dateModified":"2026-04-02T10:41:54+00:00","breadcrumb":{"@id":"https:\/\/retechgenius.com\/tr\/uretim-kompozit-cozumleri\/endustriyel-boyama-cozumleri\/#breadcrumb"},"inLanguage":"tr","potentialAction":[{"@type":"ReadAction","target":["https:\/\/retechgenius.com\/tr\/uretim-kompozit-cozumleri\/endustriyel-boyama-cozumleri\/"]}]},{"@type":"BreadcrumbList","@id":"https:\/\/retechgenius.com\/tr\/uretim-kompozit-cozumleri\/endustriyel-boyama-cozumleri\/#breadcrumb","itemListElement":[{"@type":"ListItem","position":1,"name":"Home","item":"https:\/\/retechgenius.com\/tr\/"},{"@type":"ListItem","position":2,"name":"\u00dcretim &amp; Kompozit \u00c7\u00f6z\u00fcmleri","item":"https:\/\/retechgenius.com\/tr\/uretim-kompozit-cozumleri\/"},{"@type":"ListItem","position":3,"name":"End\u00fcstriyel Boyama \u00c7\u00f6z\u00fcmleri"}]},{"@type":"WebSite","@id":"https:\/\/retechgenius.com\/tr\/#website","url":"https:\/\/retechgenius.com\/tr\/","name":"Retech: Advanced Industrial Solutions","description":"Advanced modular infrastructure and smart autonomous buildings for global industrial markets.","publisher":{"@id":"https:\/\/retechgenius.com\/tr\/#organization"},"potentialAction":[{"@type":"SearchAction","target":{"@type":"EntryPoint","urlTemplate":"https:\/\/retechgenius.com\/tr\/?s={search_term_string}"},"query-input":{"@type":"PropertyValueSpecification","valueRequired":true,"valueName":"search_term_string"}}],"inLanguage":"tr"},{"@type":"Organization","@id":"https:\/\/retechgenius.com\/tr\/#organization","name":"Retech","url":"https:\/\/retechgenius.com\/tr\/","logo":{"@type":"ImageObject","inLanguage":"tr","@id":"https:\/\/retechgenius.com\/tr\/#\/schema\/logo\/image\/","url":"https:\/\/i0.wp.com\/retechgenius.com\/wp-content\/uploads\/2024\/03\/Retech.jpg?fit=705%2C350","contentUrl":"https:\/\/i0.wp.com\/retechgenius.com\/wp-content\/uploads\/2024\/03\/Retech.jpg?fit=705%2C350","width":705,"height":350,"caption":"Retech"},"image":{"@id":"https:\/\/retechgenius.com\/tr\/#\/schema\/logo\/image\/"},"sameAs":["https:\/\/www.linkedin.com\/company\/retech-composite-solutions\/"]}]}},"_links":{"self":[{"href":"https:\/\/retechgenius.com\/tr\/wp-json\/wp\/v2\/pages\/5877","targetHints":{"allow":["GET"]}}],"collection":[{"href":"https:\/\/retechgenius.com\/tr\/wp-json\/wp\/v2\/pages"}],"about":[{"href":"https:\/\/retechgenius.com\/tr\/wp-json\/wp\/v2\/types\/page"}],"author":[{"embeddable":true,"href":"https:\/\/retechgenius.com\/tr\/wp-json\/wp\/v2\/users\/3"}],"replies":[{"embeddable":true,"href":"https:\/\/retechgenius.com\/tr\/wp-json\/wp\/v2\/comments?post=5877"}],"version-history":[{"count":11,"href":"https:\/\/retechgenius.com\/tr\/wp-json\/wp\/v2\/pages\/5877\/revisions"}],"predecessor-version":[{"id":6175,"href":"https:\/\/retechgenius.com\/tr\/wp-json\/wp\/v2\/pages\/5877\/revisions\/6175"}],"up":[{"embeddable":true,"href":"https:\/\/retechgenius.com\/tr\/wp-json\/wp\/v2\/pages\/5983"}],"wp:attachment":[{"href":"https:\/\/retechgenius.com\/tr\/wp-json\/wp\/v2\/media?parent=5877"}],"curies":[{"name":"wp","href":"https:\/\/api.w.org\/{rel}","templated":true}]}}