{"id":5962,"date":"2026-03-23T01:00:46","date_gmt":"2026-03-22T22:00:46","guid":{"rendered":"https:\/\/retechgenius.com\/3d-modelleme\/"},"modified":"2026-04-02T13:40:12","modified_gmt":"2026-04-02T10:40:12","slug":"3d-modelleme","status":"publish","type":"page","link":"https:\/\/retechgenius.com\/tr\/uretim-kompozit-cozumleri\/3d-modelleme\/","title":{"rendered":"3D Modelleme"},"content":{"rendered":"","protected":false},"excerpt":{"rendered":"","protected":false},"author":3,"featured_media":0,"parent":5983,"menu_order":0,"comment_status":"closed","ping_status":"closed","template":"100-width.php","meta":{"nf_dc_page":"","_themeisle_gutenberg_block_has_review":false,"footnotes":""},"class_list":["post-5962","page","type-page","status-publish","hentry"],"yoast_head":"<!-- This site is optimized with the Yoast SEO plugin v27.3 - https:\/\/yoast.com\/product\/yoast-seo-wordpress\/ -->\n<title>3D Modelleme - Retech | Industrial Architecture and Engineering Solutions<\/title>\n<meta name=\"robots\" content=\"index, follow, max-snippet:-1, max-image-preview:large, max-video-preview:-1\" \/>\n<link rel=\"canonical\" href=\"https:\/\/retechgenius.com\/tr\/uretim-kompozit-cozumleri\/3d-modelleme\/\" \/>\n<meta property=\"og:locale\" content=\"tr_TR\" \/>\n<meta property=\"og:type\" content=\"article\" \/>\n<meta property=\"og:title\" content=\"3D Modelleme - Retech | Industrial Architecture and Engineering Solutions\" \/>\n<meta property=\"og:url\" content=\"https:\/\/retechgenius.com\/tr\/uretim-kompozit-cozumleri\/3d-modelleme\/\" \/>\n<meta property=\"og:site_name\" content=\"Retech | Industrial Architecture and Engineering Solutions\" \/>\n<meta property=\"article:modified_time\" content=\"2026-04-02T10:40:12+00:00\" \/>\n<meta name=\"twitter:card\" content=\"summary_large_image\" \/>\n<script type=\"application\/ld+json\" class=\"yoast-schema-graph\">{\"@context\":\"https:\\\/\\\/schema.org\",\"@graph\":[{\"@type\":\"WebPage\",\"@id\":\"https:\\\/\\\/retechgenius.com\\\/tr\\\/uretim-kompozit-cozumleri\\\/3d-modelleme\\\/\",\"url\":\"https:\\\/\\\/retechgenius.com\\\/tr\\\/uretim-kompozit-cozumleri\\\/3d-modelleme\\\/\",\"name\":\"3D Modelleme - Retech | Industrial Architecture and Engineering Solutions\",\"isPartOf\":{\"@id\":\"https:\\\/\\\/retechgenius.com\\\/tr\\\/#website\"},\"datePublished\":\"2026-03-22T22:00:46+00:00\",\"dateModified\":\"2026-04-02T10:40:12+00:00\",\"breadcrumb\":{\"@id\":\"https:\\\/\\\/retechgenius.com\\\/tr\\\/uretim-kompozit-cozumleri\\\/3d-modelleme\\\/#breadcrumb\"},\"inLanguage\":\"tr\",\"potentialAction\":[{\"@type\":\"ReadAction\",\"target\":[\"https:\\\/\\\/retechgenius.com\\\/tr\\\/uretim-kompozit-cozumleri\\\/3d-modelleme\\\/\"]}]},{\"@type\":\"BreadcrumbList\",\"@id\":\"https:\\\/\\\/retechgenius.com\\\/tr\\\/uretim-kompozit-cozumleri\\\/3d-modelleme\\\/#breadcrumb\",\"itemListElement\":[{\"@type\":\"ListItem\",\"position\":1,\"name\":\"Home\",\"item\":\"https:\\\/\\\/retechgenius.com\\\/tr\\\/\"},{\"@type\":\"ListItem\",\"position\":2,\"name\":\"\u00dcretim &amp; Kompozit \u00c7\u00f6z\u00fcmleri\",\"item\":\"https:\\\/\\\/retechgenius.com\\\/tr\\\/uretim-kompozit-cozumleri\\\/\"},{\"@type\":\"ListItem\",\"position\":3,\"name\":\"3D Modelleme\"}]},{\"@type\":\"WebSite\",\"@id\":\"https:\\\/\\\/retechgenius.com\\\/tr\\\/#website\",\"url\":\"https:\\\/\\\/retechgenius.com\\\/tr\\\/\",\"name\":\"Retech: Advanced Industrial Solutions\",\"description\":\"Advanced modular infrastructure and smart autonomous buildings for global industrial markets.\",\"publisher\":{\"@id\":\"https:\\\/\\\/retechgenius.com\\\/tr\\\/#organization\"},\"potentialAction\":[{\"@type\":\"SearchAction\",\"target\":{\"@type\":\"EntryPoint\",\"urlTemplate\":\"https:\\\/\\\/retechgenius.com\\\/tr\\\/?s={search_term_string}\"},\"query-input\":{\"@type\":\"PropertyValueSpecification\",\"valueRequired\":true,\"valueName\":\"search_term_string\"}}],\"inLanguage\":\"tr\"},{\"@type\":\"Organization\",\"@id\":\"https:\\\/\\\/retechgenius.com\\\/tr\\\/#organization\",\"name\":\"Retech\",\"url\":\"https:\\\/\\\/retechgenius.com\\\/tr\\\/\",\"logo\":{\"@type\":\"ImageObject\",\"inLanguage\":\"tr\",\"@id\":\"https:\\\/\\\/retechgenius.com\\\/tr\\\/#\\\/schema\\\/logo\\\/image\\\/\",\"url\":\"https:\\\/\\\/i0.wp.com\\\/retechgenius.com\\\/wp-content\\\/uploads\\\/2024\\\/03\\\/Retech.jpg?fit=705%2C350\",\"contentUrl\":\"https:\\\/\\\/i0.wp.com\\\/retechgenius.com\\\/wp-content\\\/uploads\\\/2024\\\/03\\\/Retech.jpg?fit=705%2C350\",\"width\":705,\"height\":350,\"caption\":\"Retech\"},\"image\":{\"@id\":\"https:\\\/\\\/retechgenius.com\\\/tr\\\/#\\\/schema\\\/logo\\\/image\\\/\"},\"sameAs\":[\"https:\\\/\\\/www.linkedin.com\\\/company\\\/retech-composite-solutions\\\/\"]}]}<\/script>\n<!-- \/ Yoast SEO plugin. -->","yoast_head_json":{"title":"3D Modelleme - Retech | Industrial Architecture and Engineering Solutions","robots":{"index":"index","follow":"follow","max-snippet":"max-snippet:-1","max-image-preview":"max-image-preview:large","max-video-preview":"max-video-preview:-1"},"canonical":"https:\/\/retechgenius.com\/tr\/uretim-kompozit-cozumleri\/3d-modelleme\/","og_locale":"tr_TR","og_type":"article","og_title":"3D Modelleme - Retech | Industrial Architecture and Engineering Solutions","og_url":"https:\/\/retechgenius.com\/tr\/uretim-kompozit-cozumleri\/3d-modelleme\/","og_site_name":"Retech | Industrial Architecture and Engineering Solutions","article_modified_time":"2026-04-02T10:40:12+00:00","twitter_card":"summary_large_image","schema":{"@context":"https:\/\/schema.org","@graph":[{"@type":"WebPage","@id":"https:\/\/retechgenius.com\/tr\/uretim-kompozit-cozumleri\/3d-modelleme\/","url":"https:\/\/retechgenius.com\/tr\/uretim-kompozit-cozumleri\/3d-modelleme\/","name":"3D Modelleme - Retech | Industrial Architecture and Engineering Solutions","isPartOf":{"@id":"https:\/\/retechgenius.com\/tr\/#website"},"datePublished":"2026-03-22T22:00:46+00:00","dateModified":"2026-04-02T10:40:12+00:00","breadcrumb":{"@id":"https:\/\/retechgenius.com\/tr\/uretim-kompozit-cozumleri\/3d-modelleme\/#breadcrumb"},"inLanguage":"tr","potentialAction":[{"@type":"ReadAction","target":["https:\/\/retechgenius.com\/tr\/uretim-kompozit-cozumleri\/3d-modelleme\/"]}]},{"@type":"BreadcrumbList","@id":"https:\/\/retechgenius.com\/tr\/uretim-kompozit-cozumleri\/3d-modelleme\/#breadcrumb","itemListElement":[{"@type":"ListItem","position":1,"name":"Home","item":"https:\/\/retechgenius.com\/tr\/"},{"@type":"ListItem","position":2,"name":"\u00dcretim &amp; Kompozit \u00c7\u00f6z\u00fcmleri","item":"https:\/\/retechgenius.com\/tr\/uretim-kompozit-cozumleri\/"},{"@type":"ListItem","position":3,"name":"3D Modelleme"}]},{"@type":"WebSite","@id":"https:\/\/retechgenius.com\/tr\/#website","url":"https:\/\/retechgenius.com\/tr\/","name":"Retech: Advanced Industrial Solutions","description":"Advanced modular infrastructure and smart autonomous buildings for global industrial markets.","publisher":{"@id":"https:\/\/retechgenius.com\/tr\/#organization"},"potentialAction":[{"@type":"SearchAction","target":{"@type":"EntryPoint","urlTemplate":"https:\/\/retechgenius.com\/tr\/?s={search_term_string}"},"query-input":{"@type":"PropertyValueSpecification","valueRequired":true,"valueName":"search_term_string"}}],"inLanguage":"tr"},{"@type":"Organization","@id":"https:\/\/retechgenius.com\/tr\/#organization","name":"Retech","url":"https:\/\/retechgenius.com\/tr\/","logo":{"@type":"ImageObject","inLanguage":"tr","@id":"https:\/\/retechgenius.com\/tr\/#\/schema\/logo\/image\/","url":"https:\/\/i0.wp.com\/retechgenius.com\/wp-content\/uploads\/2024\/03\/Retech.jpg?fit=705%2C350","contentUrl":"https:\/\/i0.wp.com\/retechgenius.com\/wp-content\/uploads\/2024\/03\/Retech.jpg?fit=705%2C350","width":705,"height":350,"caption":"Retech"},"image":{"@id":"https:\/\/retechgenius.com\/tr\/#\/schema\/logo\/image\/"},"sameAs":["https:\/\/www.linkedin.com\/company\/retech-composite-solutions\/"]}]}},"_links":{"self":[{"href":"https:\/\/retechgenius.com\/tr\/wp-json\/wp\/v2\/pages\/5962","targetHints":{"allow":["GET"]}}],"collection":[{"href":"https:\/\/retechgenius.com\/tr\/wp-json\/wp\/v2\/pages"}],"about":[{"href":"https:\/\/retechgenius.com\/tr\/wp-json\/wp\/v2\/types\/page"}],"author":[{"embeddable":true,"href":"https:\/\/retechgenius.com\/tr\/wp-json\/wp\/v2\/users\/3"}],"replies":[{"embeddable":true,"href":"https:\/\/retechgenius.com\/tr\/wp-json\/wp\/v2\/comments?post=5962"}],"version-history":[{"count":1,"href":"https:\/\/retechgenius.com\/tr\/wp-json\/wp\/v2\/pages\/5962\/revisions"}],"predecessor-version":[{"id":6004,"href":"https:\/\/retechgenius.com\/tr\/wp-json\/wp\/v2\/pages\/5962\/revisions\/6004"}],"up":[{"embeddable":true,"href":"https:\/\/retechgenius.com\/tr\/wp-json\/wp\/v2\/pages\/5983"}],"wp:attachment":[{"href":"https:\/\/retechgenius.com\/tr\/wp-json\/wp\/v2\/media?parent=5962"}],"curies":[{"name":"wp","href":"https:\/\/api.w.org\/{rel}","templated":true}]}}