{"id":6069,"date":"2026-03-23T01:10:53","date_gmt":"2026-03-22T22:10:53","guid":{"rendered":"https:\/\/retechgenius.com\/uretim-kompozit-cozumleri\/endustriyel-kaliplama-cozumleri\/"},"modified":"2026-04-02T13:40:40","modified_gmt":"2026-04-02T10:40:40","slug":"endustriyel-kaliplama-cozumleri","status":"publish","type":"page","link":"https:\/\/retechgenius.com\/tr\/uretim-kompozit-cozumleri\/endustriyel-kaliplama-cozumleri\/","title":{"rendered":"End\u00fcstriyel Kal\u0131plama \u00c7\u00f6z\u00fcmleri"},"content":{"rendered":"<div class=\"fusion-fullwidth fullwidth-box fusion-builder-row-1 fusion-flex-container nonhundred-percent-fullwidth non-hundred-percent-height-scrolling\" style=\"--awb-border-radius-top-left:0px;--awb-border-radius-top-right:0px;--awb-border-radius-bottom-right:0px;--awb-border-radius-bottom-left:0px;--awb-flex-wrap:wrap;\" ><div class=\"fusion-builder-row fusion-row fusion-flex-align-items-flex-start fusion-flex-content-wrap\" style=\"max-width:1248px;margin-left: calc(-4% \/ 2 );margin-right: calc(-4% \/ 2 );\"><div class=\"fusion-layout-column fusion_builder_column fusion-builder-column-0 fusion_builder_column_1_1 1_1 fusion-flex-column\" style=\"--awb-bg-size:cover;--awb-width-large:100%;--awb-margin-top-large:0px;--awb-spacing-right-large:1.92%;--awb-margin-bottom-large:20px;--awb-spacing-left-large:1.92%;--awb-width-medium:100%;--awb-order-medium:0;--awb-spacing-right-medium:1.92%;--awb-spacing-left-medium:1.92%;--awb-width-small:100%;--awb-order-small:0;--awb-spacing-right-small:1.92%;--awb-spacing-left-small:1.92%;\"><div class=\"fusion-column-wrapper fusion-column-has-shadow fusion-flex-justify-content-flex-start fusion-content-layout-column\"><div class=\"fusion-image-carousel fusion-image-carousel-auto fusion-image-carousel-1\" style=\"margin-bottom:5px;\"><div data-slide-effect=\"fade\" class=\"awb-carousel awb-swiper awb-swiper-carousel awb-carousel--slider awb-swiper-dots-position-bottom\" data-layout=\"slider\" data-autoplay=\"yes\" data-autoplayspeed=\"3500\" data-autoplaypause=\"no\" data-columns=\"5\" data-columnsmedium=\"1\" data-columnssmall=\"1\" data-itemmargin=\"13\" data-itemwidth=\"180\" data-touchscroll=\"no\" data-freemode=\"no\" data-imagesize=\"auto\" data-scrollitems=\"0\" data-centeredslides=\"no\" data-rotationangle=\"50\" data-depth=\"100\" data-speed=\"650\" data-shadow=\"no\" data-pagination=\"bullets\" style=\"--awb-dots-align:center;\"><div class=\"swiper-wrapper awb-image-carousel-wrapper fusion-flex-align-items-center\"><div class=\"swiper-slide\"><div class=\"fusion-carousel-item-wrapper\"><div class=\"fusion-image-wrapper hover-type-none\"><img decoding=\"async\" width=\"1250\" height=\"400\" src=\"https:\/\/retechgenius.com\/wp-content\/uploads\/2026\/03\/mouldingFiberglass2_400-1.webp\" class=\"attachment-full size-full\" alt=\"\" srcset=\"https:\/\/retechgenius.com\/wp-content\/uploads\/2026\/03\/mouldingFiberglass2_400-1-200x64.webp 200w, https:\/\/retechgenius.com\/wp-content\/uploads\/2026\/03\/mouldingFiberglass2_400-1-300x96.webp 300w, https:\/\/retechgenius.com\/wp-content\/uploads\/2026\/03\/mouldingFiberglass2_400-1-400x128.webp 400w, https:\/\/retechgenius.com\/wp-content\/uploads\/2026\/03\/mouldingFiberglass2_400-1-600x192.webp 600w, https:\/\/retechgenius.com\/wp-content\/uploads\/2026\/03\/mouldingFiberglass2_400-1-768x246.webp 768w, https:\/\/retechgenius.com\/wp-content\/uploads\/2026\/03\/mouldingFiberglass2_400-1-800x256.webp 800w, https:\/\/retechgenius.com\/wp-content\/uploads\/2026\/03\/mouldingFiberglass2_400-1-1030x330.webp 1030w, https:\/\/retechgenius.com\/wp-content\/uploads\/2026\/03\/mouldingFiberglass2_400-1-1200x384.webp 1200w, https:\/\/retechgenius.com\/wp-content\/uploads\/2026\/03\/mouldingFiberglass2_400-1.webp 1250w\" sizes=\"(max-width: 1250px) 100vw, 1250px\" \/><\/div><\/div><\/div><div class=\"swiper-slide\"><div class=\"fusion-carousel-item-wrapper\"><div class=\"fusion-image-wrapper hover-type-none\"><img decoding=\"async\" width=\"1250\" height=\"400\" src=\"https:\/\/retechgenius.com\/wp-content\/uploads\/2026\/03\/Moulding_Gladiator_1_400.webp\" class=\"attachment-full size-full\" alt=\"\" srcset=\"https:\/\/retechgenius.com\/wp-content\/uploads\/2026\/03\/Moulding_Gladiator_1_400-200x64.webp 200w, https:\/\/retechgenius.com\/wp-content\/uploads\/2026\/03\/Moulding_Gladiator_1_400-300x96.webp 300w, https:\/\/retechgenius.com\/wp-content\/uploads\/2026\/03\/Moulding_Gladiator_1_400-400x128.webp 400w, https:\/\/retechgenius.com\/wp-content\/uploads\/2026\/03\/Moulding_Gladiator_1_400-600x192.webp 600w, https:\/\/retechgenius.com\/wp-content\/uploads\/2026\/03\/Moulding_Gladiator_1_400-768x246.webp 768w, https:\/\/retechgenius.com\/wp-content\/uploads\/2026\/03\/Moulding_Gladiator_1_400-800x256.webp 800w, https:\/\/retechgenius.com\/wp-content\/uploads\/2026\/03\/Moulding_Gladiator_1_400-1030x330.webp 1030w, https:\/\/retechgenius.com\/wp-content\/uploads\/2026\/03\/Moulding_Gladiator_1_400-1200x384.webp 1200w, https:\/\/retechgenius.com\/wp-content\/uploads\/2026\/03\/Moulding_Gladiator_1_400.webp 1250w\" sizes=\"(max-width: 1250px) 100vw, 1250px\" \/><\/div><\/div><\/div><div class=\"swiper-slide\"><div class=\"fusion-carousel-item-wrapper\"><div class=\"fusion-image-wrapper hover-type-none\"><img decoding=\"async\" width=\"1250\" height=\"400\" src=\"https:\/\/retechgenius.com\/wp-content\/uploads\/2026\/03\/mouldingfiberglass-400.webp\" class=\"attachment-full size-full\" alt=\"\" srcset=\"https:\/\/retechgenius.com\/wp-content\/uploads\/2026\/03\/mouldingfiberglass-400-200x64.webp 200w, https:\/\/retechgenius.com\/wp-content\/uploads\/2026\/03\/mouldingfiberglass-400-300x96.webp 300w, https:\/\/retechgenius.com\/wp-content\/uploads\/2026\/03\/mouldingfiberglass-400-400x128.webp 400w, https:\/\/retechgenius.com\/wp-content\/uploads\/2026\/03\/mouldingfiberglass-400-600x192.webp 600w, https:\/\/retechgenius.com\/wp-content\/uploads\/2026\/03\/mouldingfiberglass-400-768x246.webp 768w, https:\/\/retechgenius.com\/wp-content\/uploads\/2026\/03\/mouldingfiberglass-400-800x256.webp 800w, https:\/\/retechgenius.com\/wp-content\/uploads\/2026\/03\/mouldingfiberglass-400-1030x330.webp 1030w, https:\/\/retechgenius.com\/wp-content\/uploads\/2026\/03\/mouldingfiberglass-400-1200x384.webp 1200w, https:\/\/retechgenius.com\/wp-content\/uploads\/2026\/03\/mouldingfiberglass-400.webp 1250w\" sizes=\"(max-width: 1250px) 100vw, 1250px\" \/><\/div><\/div><\/div><\/div><div class=\"awb-swiper-button awb-swiper-button-prev\"><i class=\"awb-icon-angle-left\" aria-hidden=\"true\"><\/i><\/div><div class=\"awb-swiper-button awb-swiper-button-next\"><i class=\"awb-icon-angle-right\" aria-hidden=\"true\"><\/i><\/div><\/div><\/div><\/div><\/div><div class=\"fusion-layout-column fusion_builder_column fusion-builder-column-1 fusion_builder_column_1_1 1_1 fusion-flex-column\" style=\"--awb-bg-size:cover;--awb-width-large:100%;--awb-margin-top-large:0px;--awb-spacing-right-large:1.92%;--awb-margin-bottom-large:20px;--awb-spacing-left-large:1.92%;--awb-width-medium:100%;--awb-order-medium:0;--awb-spacing-right-medium:1.92%;--awb-spacing-left-medium:1.92%;--awb-width-small:100%;--awb-order-small:0;--awb-spacing-right-small:1.92%;--awb-spacing-left-small:1.92%;\"><div class=\"fusion-column-wrapper fusion-column-has-shadow fusion-flex-justify-content-flex-start fusion-content-layout-column\"><div class=\"fusion-title title fusion-title-1 fusion-sep-none fusion-title-text fusion-title-size-one\" style=\"--awb-margin-top-small:10px;--awb-margin-right-small:0px;--awb-margin-bottom-small:10px;--awb-margin-left-small:0px;--awb-font-size:32px;\"><h1 class=\"fusion-title-heading title-heading-left\" style=\"margin:0;font-size:1em;\"><p style=\"font-size: 16px; letter-spacing: 4px; text-transform: uppercase; color: #0077b6; font-weight: bold; margin-bottom: 18px;\">End\u00fcstriyel Kal\u0131plama<\/p>\n<h1 style=\"font-size: 40px; font-weight: 800; letter-spacing: -0.8px; line-height: 1.1; color: #ffffff; margin: 0;\"><span style=\"color: #0077b6;\">\u00dcst\u00fcn Sonu\u00e7lar<\/span> \u0130\u00e7in Hassas Kal\u0131plama<\/h1><\/h1><\/div><\/div><\/div><div class=\"fusion-layout-column fusion_builder_column fusion-builder-column-2 fusion_builder_column_1_1 1_1 fusion-flex-column\" style=\"--awb-bg-blend:overlay;--awb-bg-size:cover;--awb-width-large:100%;--awb-margin-top-large:0px;--awb-spacing-right-large:1.92%;--awb-margin-bottom-large:0px;--awb-spacing-left-large:1.92%;--awb-width-medium:100%;--awb-spacing-right-medium:1.92%;--awb-spacing-left-medium:1.92%;--awb-width-small:100%;--awb-spacing-right-small:1.92%;--awb-spacing-left-small:1.92%;\"><div class=\"fusion-column-wrapper fusion-flex-justify-content-flex-start fusion-content-layout-column\"><div class=\"fusion-text fusion-text-1\"><p>Retech&#8217;te, kal\u0131plama hizmetlerimiz hassasiyet ve yenilik\u00e7ili\u011fin bir \u00f6rne\u011fidir; kavramsal tasar\u0131mlar\u0131 \u00fcst\u00fcn, somut \u00fcr\u00fcnlere d\u00f6n\u00fc\u015ft\u00fcr\u00fcr\u00fcz. Karma\u015f\u0131k dekoratif par\u00e7alardan sa\u011flam end\u00fcstriyel bile\u015fenlere kadar \u00e7e\u015fitli uygulamalar\u0131 ele al\u0131yor, her bir par\u00e7an\u0131n i\u015flevsel ve estetik beklentileri kar\u015f\u0131lamas\u0131n\u0131 ve a\u015fmas\u0131n\u0131 sa\u011flamak i\u00e7in geli\u015fmi\u015f kal\u0131plama teknikleri kullan\u0131yoruz. <\/p>\n<p>Yakla\u015f\u0131m\u0131m\u0131z, s\u00fcrd\u00fcr\u00fclebilirlik ve tasar\u0131m m\u00fckemmelli\u011fine odaklan\u0131rken, en son teknolojiyi sanatla birle\u015ftirerek end\u00fcstri standartlar\u0131n\u0131 yeniden tan\u0131mlamaktad\u0131r.<\/p>\n<\/div><div class=\"fusion-separator fusion-full-width-sep\" style=\"align-self: center;margin-left: auto;margin-right: auto;margin-top:15px;margin-bottom:25px;width:100%;\"><\/div><\/div><\/div><div class=\"fusion-layout-column fusion_builder_column fusion-builder-column-3 fusion_builder_column_1_1 1_1 fusion-flex-column\" style=\"--awb-bg-size:cover;--awb-width-large:100%;--awb-margin-top-large:0px;--awb-spacing-right-large:1.92%;--awb-margin-bottom-large:20px;--awb-spacing-left-large:1.92%;--awb-width-medium:100%;--awb-order-medium:0;--awb-spacing-right-medium:1.92%;--awb-spacing-left-medium:1.92%;--awb-width-small:100%;--awb-order-small:0;--awb-spacing-right-small:1.92%;--awb-spacing-left-small:1.92%;\"><div class=\"fusion-column-wrapper fusion-column-has-shadow fusion-flex-justify-content-flex-start fusion-content-layout-column\"><div class=\"fusion-text fusion-text-2\"><div style=\"border-left:3px solid #0077B6; padding-left:24px;\">\n<p style=\"font-size:14px; line-height:1.75; color:rgba(255,255,255,0.55); font-style:italic;\">Retech, kal\u0131plaman\u0131n s\u0131n\u0131rlar\u0131n\u0131 zorlamaya adanm\u0131\u015ft\u0131r; form ve fonksiyonu m\u00fckemmel bir \u015fekilde dengeleyen \u00f6zel \u00e7\u00f6z\u00fcmler sunmaktad\u0131r.<\/p>\n<\/div>\n<\/div><div class=\"fusion-separator fusion-full-width-sep\" style=\"align-self: center;margin-left: auto;margin-right: auto;margin-top:30px;margin-bottom:50px;width:100%;\"><div class=\"fusion-separator-border sep-shadow\" style=\"--awb-height:20px;--awb-amount:20px;background:radial-gradient(ellipse at 50% -50% , var(--awb-color3) 0px, rgba(255, 255, 255, 0) 80%) repeat scroll 0 0 rgba(0, 0, 0, 0);background:-webkit-radial-gradient(ellipse at 50% -50% , var(--awb-color3) 0px, rgba(255, 255, 255, 0) 80%) repeat scroll 0 0 rgba(0, 0, 0, 0);background:-moz-radial-gradient(ellipse at 50% -50% , var(--awb-color3) 0px, rgba(255, 255, 255, 0) 80%) repeat scroll 0 0 rgba(0, 0, 0, 0);background:-o-radial-gradient(ellipse at 50% -50% , var(--awb-color3) 0px, rgba(255, 255, 255, 0) 80%) repeat scroll 0 0 rgba(0, 0, 0, 0);\"><\/div><\/div><\/div><\/div><\/div><\/div>\n","protected":false},"excerpt":{"rendered":"","protected":false},"author":3,"featured_media":0,"parent":5983,"menu_order":0,"comment_status":"closed","ping_status":"closed","template":"100-width.php","meta":{"nf_dc_page":"","_themeisle_gutenberg_block_has_review":false,"footnotes":""},"class_list":["post-6069","page","type-page","status-publish","hentry"],"yoast_head":"<!-- This site is optimized with the Yoast SEO plugin v27.3 - https:\/\/yoast.com\/product\/yoast-seo-wordpress\/ -->\n<title>End\u00fcstriyel Kal\u0131plama \u00c7\u00f6z\u00fcmleri - Retech | Industrial Architecture and Engineering Solutions<\/title>\n<meta name=\"robots\" content=\"index, follow, max-snippet:-1, max-image-preview:large, max-video-preview:-1\" \/>\n<link rel=\"canonical\" href=\"https:\/\/retechgenius.com\/tr\/uretim-kompozit-cozumleri\/endustriyel-kaliplama-cozumleri\/\" \/>\n<meta property=\"og:locale\" content=\"tr_TR\" \/>\n<meta property=\"og:type\" content=\"article\" \/>\n<meta property=\"og:title\" content=\"End\u00fcstriyel Kal\u0131plama \u00c7\u00f6z\u00fcmleri - Retech | Industrial Architecture and Engineering Solutions\" \/>\n<meta property=\"og:url\" content=\"https:\/\/retechgenius.com\/tr\/uretim-kompozit-cozumleri\/endustriyel-kaliplama-cozumleri\/\" \/>\n<meta property=\"og:site_name\" content=\"Retech | Industrial Architecture and Engineering Solutions\" \/>\n<meta property=\"article:modified_time\" content=\"2026-04-02T10:40:40+00:00\" \/>\n<meta name=\"twitter:card\" content=\"summary_large_image\" \/>\n<meta name=\"twitter:label1\" content=\"Tahmini okuma s\u00fcresi\" \/>\n\t<meta name=\"twitter:data1\" content=\"7 dakika\" \/>\n<script type=\"application\/ld+json\" class=\"yoast-schema-graph\">{\"@context\":\"https:\\\/\\\/schema.org\",\"@graph\":[{\"@type\":\"WebPage\",\"@id\":\"https:\\\/\\\/retechgenius.com\\\/tr\\\/uretim-kompozit-cozumleri\\\/endustriyel-kaliplama-cozumleri\\\/\",\"url\":\"https:\\\/\\\/retechgenius.com\\\/tr\\\/uretim-kompozit-cozumleri\\\/endustriyel-kaliplama-cozumleri\\\/\",\"name\":\"End\u00fcstriyel Kal\u0131plama \u00c7\u00f6z\u00fcmleri - Retech | Industrial Architecture and Engineering Solutions\",\"isPartOf\":{\"@id\":\"https:\\\/\\\/retechgenius.com\\\/tr\\\/#website\"},\"datePublished\":\"2026-03-22T22:10:53+00:00\",\"dateModified\":\"2026-04-02T10:40:40+00:00\",\"breadcrumb\":{\"@id\":\"https:\\\/\\\/retechgenius.com\\\/tr\\\/uretim-kompozit-cozumleri\\\/endustriyel-kaliplama-cozumleri\\\/#breadcrumb\"},\"inLanguage\":\"tr\",\"potentialAction\":[{\"@type\":\"ReadAction\",\"target\":[\"https:\\\/\\\/retechgenius.com\\\/tr\\\/uretim-kompozit-cozumleri\\\/endustriyel-kaliplama-cozumleri\\\/\"]}]},{\"@type\":\"BreadcrumbList\",\"@id\":\"https:\\\/\\\/retechgenius.com\\\/tr\\\/uretim-kompozit-cozumleri\\\/endustriyel-kaliplama-cozumleri\\\/#breadcrumb\",\"itemListElement\":[{\"@type\":\"ListItem\",\"position\":1,\"name\":\"Home\",\"item\":\"https:\\\/\\\/retechgenius.com\\\/tr\\\/\"},{\"@type\":\"ListItem\",\"position\":2,\"name\":\"\u00dcretim &amp; Kompozit \u00c7\u00f6z\u00fcmleri\",\"item\":\"https:\\\/\\\/retechgenius.com\\\/tr\\\/uretim-kompozit-cozumleri\\\/\"},{\"@type\":\"ListItem\",\"position\":3,\"name\":\"End\u00fcstriyel Kal\u0131plama \u00c7\u00f6z\u00fcmleri\"}]},{\"@type\":\"WebSite\",\"@id\":\"https:\\\/\\\/retechgenius.com\\\/tr\\\/#website\",\"url\":\"https:\\\/\\\/retechgenius.com\\\/tr\\\/\",\"name\":\"Retech: Advanced Industrial Solutions\",\"description\":\"Advanced modular infrastructure and smart autonomous buildings for global industrial markets.\",\"publisher\":{\"@id\":\"https:\\\/\\\/retechgenius.com\\\/tr\\\/#organization\"},\"potentialAction\":[{\"@type\":\"SearchAction\",\"target\":{\"@type\":\"EntryPoint\",\"urlTemplate\":\"https:\\\/\\\/retechgenius.com\\\/tr\\\/?s={search_term_string}\"},\"query-input\":{\"@type\":\"PropertyValueSpecification\",\"valueRequired\":true,\"valueName\":\"search_term_string\"}}],\"inLanguage\":\"tr\"},{\"@type\":\"Organization\",\"@id\":\"https:\\\/\\\/retechgenius.com\\\/tr\\\/#organization\",\"name\":\"Retech\",\"url\":\"https:\\\/\\\/retechgenius.com\\\/tr\\\/\",\"logo\":{\"@type\":\"ImageObject\",\"inLanguage\":\"tr\",\"@id\":\"https:\\\/\\\/retechgenius.com\\\/tr\\\/#\\\/schema\\\/logo\\\/image\\\/\",\"url\":\"https:\\\/\\\/i0.wp.com\\\/retechgenius.com\\\/wp-content\\\/uploads\\\/2024\\\/03\\\/Retech.jpg?fit=705%2C350\",\"contentUrl\":\"https:\\\/\\\/i0.wp.com\\\/retechgenius.com\\\/wp-content\\\/uploads\\\/2024\\\/03\\\/Retech.jpg?fit=705%2C350\",\"width\":705,\"height\":350,\"caption\":\"Retech\"},\"image\":{\"@id\":\"https:\\\/\\\/retechgenius.com\\\/tr\\\/#\\\/schema\\\/logo\\\/image\\\/\"},\"sameAs\":[\"https:\\\/\\\/www.linkedin.com\\\/company\\\/retech-composite-solutions\\\/\"]}]}<\/script>\n<!-- \/ Yoast SEO plugin. -->","yoast_head_json":{"title":"End\u00fcstriyel Kal\u0131plama \u00c7\u00f6z\u00fcmleri - Retech | Industrial Architecture and Engineering Solutions","robots":{"index":"index","follow":"follow","max-snippet":"max-snippet:-1","max-image-preview":"max-image-preview:large","max-video-preview":"max-video-preview:-1"},"canonical":"https:\/\/retechgenius.com\/tr\/uretim-kompozit-cozumleri\/endustriyel-kaliplama-cozumleri\/","og_locale":"tr_TR","og_type":"article","og_title":"End\u00fcstriyel Kal\u0131plama \u00c7\u00f6z\u00fcmleri - Retech | Industrial Architecture and Engineering Solutions","og_url":"https:\/\/retechgenius.com\/tr\/uretim-kompozit-cozumleri\/endustriyel-kaliplama-cozumleri\/","og_site_name":"Retech | Industrial Architecture and Engineering Solutions","article_modified_time":"2026-04-02T10:40:40+00:00","twitter_card":"summary_large_image","twitter_misc":{"Tahmini okuma s\u00fcresi":"7 dakika"},"schema":{"@context":"https:\/\/schema.org","@graph":[{"@type":"WebPage","@id":"https:\/\/retechgenius.com\/tr\/uretim-kompozit-cozumleri\/endustriyel-kaliplama-cozumleri\/","url":"https:\/\/retechgenius.com\/tr\/uretim-kompozit-cozumleri\/endustriyel-kaliplama-cozumleri\/","name":"End\u00fcstriyel Kal\u0131plama \u00c7\u00f6z\u00fcmleri - Retech | Industrial Architecture and Engineering Solutions","isPartOf":{"@id":"https:\/\/retechgenius.com\/tr\/#website"},"datePublished":"2026-03-22T22:10:53+00:00","dateModified":"2026-04-02T10:40:40+00:00","breadcrumb":{"@id":"https:\/\/retechgenius.com\/tr\/uretim-kompozit-cozumleri\/endustriyel-kaliplama-cozumleri\/#breadcrumb"},"inLanguage":"tr","potentialAction":[{"@type":"ReadAction","target":["https:\/\/retechgenius.com\/tr\/uretim-kompozit-cozumleri\/endustriyel-kaliplama-cozumleri\/"]}]},{"@type":"BreadcrumbList","@id":"https:\/\/retechgenius.com\/tr\/uretim-kompozit-cozumleri\/endustriyel-kaliplama-cozumleri\/#breadcrumb","itemListElement":[{"@type":"ListItem","position":1,"name":"Home","item":"https:\/\/retechgenius.com\/tr\/"},{"@type":"ListItem","position":2,"name":"\u00dcretim &amp; Kompozit \u00c7\u00f6z\u00fcmleri","item":"https:\/\/retechgenius.com\/tr\/uretim-kompozit-cozumleri\/"},{"@type":"ListItem","position":3,"name":"End\u00fcstriyel Kal\u0131plama \u00c7\u00f6z\u00fcmleri"}]},{"@type":"WebSite","@id":"https:\/\/retechgenius.com\/tr\/#website","url":"https:\/\/retechgenius.com\/tr\/","name":"Retech: Advanced Industrial Solutions","description":"Advanced modular infrastructure and smart autonomous buildings for global industrial markets.","publisher":{"@id":"https:\/\/retechgenius.com\/tr\/#organization"},"potentialAction":[{"@type":"SearchAction","target":{"@type":"EntryPoint","urlTemplate":"https:\/\/retechgenius.com\/tr\/?s={search_term_string}"},"query-input":{"@type":"PropertyValueSpecification","valueRequired":true,"valueName":"search_term_string"}}],"inLanguage":"tr"},{"@type":"Organization","@id":"https:\/\/retechgenius.com\/tr\/#organization","name":"Retech","url":"https:\/\/retechgenius.com\/tr\/","logo":{"@type":"ImageObject","inLanguage":"tr","@id":"https:\/\/retechgenius.com\/tr\/#\/schema\/logo\/image\/","url":"https:\/\/i0.wp.com\/retechgenius.com\/wp-content\/uploads\/2024\/03\/Retech.jpg?fit=705%2C350","contentUrl":"https:\/\/i0.wp.com\/retechgenius.com\/wp-content\/uploads\/2024\/03\/Retech.jpg?fit=705%2C350","width":705,"height":350,"caption":"Retech"},"image":{"@id":"https:\/\/retechgenius.com\/tr\/#\/schema\/logo\/image\/"},"sameAs":["https:\/\/www.linkedin.com\/company\/retech-composite-solutions\/"]}]}},"_links":{"self":[{"href":"https:\/\/retechgenius.com\/tr\/wp-json\/wp\/v2\/pages\/6069","targetHints":{"allow":["GET"]}}],"collection":[{"href":"https:\/\/retechgenius.com\/tr\/wp-json\/wp\/v2\/pages"}],"about":[{"href":"https:\/\/retechgenius.com\/tr\/wp-json\/wp\/v2\/types\/page"}],"author":[{"embeddable":true,"href":"https:\/\/retechgenius.com\/tr\/wp-json\/wp\/v2\/users\/3"}],"replies":[{"embeddable":true,"href":"https:\/\/retechgenius.com\/tr\/wp-json\/wp\/v2\/comments?post=6069"}],"version-history":[{"count":1,"href":"https:\/\/retechgenius.com\/tr\/wp-json\/wp\/v2\/pages\/6069\/revisions"}],"predecessor-version":[{"id":6077,"href":"https:\/\/retechgenius.com\/tr\/wp-json\/wp\/v2\/pages\/6069\/revisions\/6077"}],"up":[{"embeddable":true,"href":"https:\/\/retechgenius.com\/tr\/wp-json\/wp\/v2\/pages\/5983"}],"wp:attachment":[{"href":"https:\/\/retechgenius.com\/tr\/wp-json\/wp\/v2\/media?parent=6069"}],"curies":[{"name":"wp","href":"https:\/\/api.w.org\/{rel}","templated":true}]}}