{"id":6127,"date":"2026-03-23T10:32:34","date_gmt":"2026-03-23T07:32:34","guid":{"rendered":"https:\/\/retechgenius.com\/uretim-kompozit-cozumleri\/elektrik-tesisati-kablo-demeti-cozumleri\/"},"modified":"2026-04-02T13:41:56","modified_gmt":"2026-04-02T10:41:56","slug":"elektrik-tesisati-kablo-demeti-cozumleri","status":"publish","type":"page","link":"https:\/\/retechgenius.com\/tr\/uretim-kompozit-cozumleri\/elektrik-tesisati-kablo-demeti-cozumleri\/","title":{"rendered":"Elektrik Tesisat\u0131 &amp; Kablo Demeti \u00c7\u00f6z\u00fcmleri"},"content":{"rendered":"<div class=\"fusion-fullwidth fullwidth-box fusion-builder-row-1 fusion-flex-container nonhundred-percent-fullwidth non-hundred-percent-height-scrolling\" style=\"--awb-border-radius-top-left:0px;--awb-border-radius-top-right:0px;--awb-border-radius-bottom-right:0px;--awb-border-radius-bottom-left:0px;--awb-flex-wrap:wrap;\" ><div class=\"fusion-builder-row fusion-row fusion-flex-align-items-flex-start fusion-flex-content-wrap\" style=\"max-width:1248px;margin-left: calc(-4% \/ 2 );margin-right: calc(-4% \/ 2 );\"><div class=\"fusion-layout-column fusion_builder_column fusion-builder-column-0 fusion_builder_column_1_1 1_1 fusion-flex-column\" style=\"--awb-bg-size:cover;--awb-width-large:100%;--awb-margin-top-large:0px;--awb-spacing-right-large:1.92%;--awb-margin-bottom-large:20px;--awb-spacing-left-large:1.92%;--awb-width-medium:100%;--awb-order-medium:0;--awb-spacing-right-medium:1.92%;--awb-spacing-left-medium:1.92%;--awb-width-small:100%;--awb-order-small:0;--awb-spacing-right-small:1.92%;--awb-spacing-left-small:1.92%;\"><div class=\"fusion-column-wrapper fusion-column-has-shadow fusion-flex-justify-content-flex-start fusion-content-layout-column\"><div class=\"fusion-image-element \" style=\"--awb-caption-title-font-family:var(--h2_typography-font-family);--awb-caption-title-font-weight:var(--h2_typography-font-weight);--awb-caption-title-font-style:var(--h2_typography-font-style);--awb-caption-title-size:var(--h2_typography-font-size);--awb-caption-title-transform:var(--h2_typography-text-transform);--awb-caption-title-line-height:var(--h2_typography-line-height);--awb-caption-title-letter-spacing:var(--h2_typography-letter-spacing);\"><span class=\" fusion-imageframe imageframe-none imageframe-1 hover-type-none\"><img decoding=\"async\" width=\"1250\" height=\"500\" title=\"Elektrik_H2\" src=\"https:\/\/retechgenius.com\/wp-content\/uploads\/2026\/03\/Electrical_H2.webp\" alt class=\"img-responsive wp-image-6129\" srcset=\"https:\/\/retechgenius.com\/wp-content\/uploads\/2026\/03\/Electrical_H2-200x80.webp 200w, https:\/\/retechgenius.com\/wp-content\/uploads\/2026\/03\/Electrical_H2-400x160.webp 400w, https:\/\/retechgenius.com\/wp-content\/uploads\/2026\/03\/Electrical_H2-600x240.webp 600w, https:\/\/retechgenius.com\/wp-content\/uploads\/2026\/03\/Electrical_H2-800x320.webp 800w, https:\/\/retechgenius.com\/wp-content\/uploads\/2026\/03\/Electrical_H2-1200x480.webp 1200w, https:\/\/retechgenius.com\/wp-content\/uploads\/2026\/03\/Electrical_H2.webp 1250w\" sizes=\"(max-width: 640px) 100vw, 1200px\" \/><\/span><\/div><\/div><\/div><div class=\"fusion-layout-column fusion_builder_column fusion-builder-column-1 fusion_builder_column_1_1 1_1 fusion-flex-column\" style=\"--awb-bg-size:cover;--awb-width-large:100%;--awb-margin-top-large:0px;--awb-spacing-right-large:1.92%;--awb-margin-bottom-large:20px;--awb-spacing-left-large:1.92%;--awb-width-medium:100%;--awb-order-medium:0;--awb-spacing-right-medium:1.92%;--awb-spacing-left-medium:1.92%;--awb-width-small:100%;--awb-order-small:0;--awb-spacing-right-small:1.92%;--awb-spacing-left-small:1.92%;\"><div class=\"fusion-column-wrapper fusion-column-has-shadow fusion-flex-justify-content-flex-start fusion-content-layout-column\"><div class=\"fusion-title title fusion-title-1 fusion-sep-none fusion-title-text fusion-title-size-one\" style=\"--awb-margin-top-small:10px;--awb-margin-right-small:0px;--awb-margin-bottom-small:10px;--awb-margin-left-small:0px;--awb-font-size:32px;\"><h1 class=\"fusion-title-heading title-heading-left\" style=\"margin:0;font-size:1em;\"><p style=\"font-size: 16px; letter-spacing: 4px; text-transform: uppercase; color: #0077b6; font-weight: bold; margin-bottom: 18px;\">Elektrik M\u00fchendisli\u011fi<\/p>\n<h1 style=\"font-size: 40px; font-weight: 800; letter-spacing: -0.8px; line-height: 1.1; margin: 0;\"><span style=\"color: #0077b6;\">Her Sistem<\/span> \u0130\u00e7in Kablolama ve Kablo Demeti \u00c7\u00f6z\u00fcmleri<\/h1><\/h1><\/div><\/div><\/div><div class=\"fusion-layout-column fusion_builder_column fusion-builder-column-2 fusion_builder_column_1_1 1_1 fusion-flex-column\" style=\"--awb-bg-size:cover;--awb-width-large:100%;--awb-margin-top-large:0px;--awb-spacing-right-large:1.92%;--awb-margin-bottom-large:31px;--awb-spacing-left-large:1.92%;--awb-width-medium:100%;--awb-spacing-right-medium:1.92%;--awb-spacing-left-medium:1.92%;--awb-width-small:100%;--awb-spacing-right-small:1.92%;--awb-spacing-left-small:1.92%;\"><div class=\"fusion-column-wrapper fusion-flex-justify-content-flex-start fusion-content-layout-column\"><div class=\"fusion-text fusion-text-1\"><p style=\"margin-bottom:14px;\">Retech olarak, mod\u00fcler \u00fcniteler, mobil sistemler ve \u00f6zel m\u00fchendislik uygulamalar\u0131 i\u00e7in kablolama ve kablo demeti sistemleri tasarl\u0131yor ve \u00fcretiyoruz. Odak noktam\u0131z g\u00fcvenilirlik, temiz entegrasyon ve uzun vadeli performanst\u0131r. <\/p>\n<p>Planlamadan kuruluma kadar eksiksiz elektrik kurulumlar\u0131 geli\u015ftiriyor, her ba\u011flant\u0131n\u0131n g\u00fcvenli, d\u00fczenli ve ger\u00e7ek kullan\u0131m ko\u015fullar\u0131na dayanacak \u015fekilde in\u015fa edildi\u011finden emin oluyoruz.<\/p>\n<\/div><\/div><\/div><div class=\"fusion-layout-column fusion_builder_column fusion-builder-column-3 fusion_builder_column_1_3 1_3 fusion-flex-column\" style=\"--awb-bg-size:cover;--awb-width-large:33.333333333333%;--awb-margin-top-large:0px;--awb-spacing-right-large:5.76%;--awb-margin-bottom-large:20px;--awb-spacing-left-large:5.76%;--awb-width-medium:33.333333333333%;--awb-order-medium:0;--awb-spacing-right-medium:5.76%;--awb-spacing-left-medium:5.76%;--awb-width-small:100%;--awb-order-small:0;--awb-spacing-right-small:1.92%;--awb-spacing-left-small:1.92%;\"><div class=\"fusion-column-wrapper fusion-column-has-shadow fusion-flex-justify-content-flex-start fusion-content-layout-column\"><div class=\"fusion-text fusion-text-2\"><div style=\"text-align:center; padding:32px 16px;\">\n<p style=\"font-size:38px; font-weight:800; color:#0077B6; letter-spacing:-1px; line-height:1; margin-bottom:8px;\">100%<\/p>\n<p style=\"font-size:11px; letter-spacing:2px; text-transform:uppercase;\">\u015eirket \u0130\u00e7i Montaj<\/p>\n<\/div>\n<\/div><\/div><\/div><div class=\"fusion-layout-column fusion_builder_column fusion-builder-column-4 fusion_builder_column_1_3 1_3 fusion-flex-column\" style=\"--awb-bg-size:cover;--awb-width-large:33.333333333333%;--awb-margin-top-large:0px;--awb-spacing-right-large:5.76%;--awb-margin-bottom-large:20px;--awb-spacing-left-large:5.76%;--awb-width-medium:33.333333333333%;--awb-order-medium:0;--awb-spacing-right-medium:5.76%;--awb-spacing-left-medium:5.76%;--awb-width-small:100%;--awb-order-small:0;--awb-spacing-right-small:1.92%;--awb-spacing-left-small:1.92%;\"><div class=\"fusion-column-wrapper fusion-column-has-shadow fusion-flex-justify-content-flex-start fusion-content-layout-column\"><div class=\"fusion-text fusion-text-3\"><div style=\"text-align:center; padding:32px 16px; border-left:1px solid rgba(255,255,255,0.08); border-right:1px solid rgba(255,255,255,0.08);\">\n<p style=\"font-size:38px; font-weight:800; color:#0077B6; letter-spacing:-1px; line-height:1; margin-bottom:8px;\">Li+<\/p>\n<p style=\"font-size:11px; letter-spacing:2px; text-transform:uppercase;\">\u00d6zel Batarya Sistemleri<\/p>\n<\/div>\n<\/div><\/div><\/div><div class=\"fusion-layout-column fusion_builder_column fusion-builder-column-5 fusion_builder_column_1_3 1_3 fusion-flex-column\" style=\"--awb-bg-size:cover;--awb-width-large:33.333333333333%;--awb-margin-top-large:0px;--awb-spacing-right-large:5.76%;--awb-margin-bottom-large:20px;--awb-spacing-left-large:5.76%;--awb-width-medium:33.333333333333%;--awb-order-medium:0;--awb-spacing-right-medium:5.76%;--awb-spacing-left-medium:5.76%;--awb-width-small:100%;--awb-order-small:0;--awb-spacing-right-small:1.92%;--awb-spacing-left-small:1.92%;\"><div class=\"fusion-column-wrapper fusion-column-has-shadow fusion-flex-justify-content-flex-start fusion-content-layout-column\"><div class=\"fusion-text fusion-text-4\"><div style=\"text-align:center; padding:32px 16px;\">\n<p style=\"font-size:38px; font-weight:800; color:#0077B6; letter-spacing:-1px; line-height:1; margin-bottom:8px;\">B2B<\/p>\n<p style=\"font-size:11px; letter-spacing:2px; text-transform:uppercase;\">Proje Bazl\u0131 \u00c7\u00f6z\u00fcmler<\/p>\n<\/div>\n<\/div><\/div><\/div><div class=\"fusion-layout-column fusion_builder_column fusion-builder-column-6 fusion_builder_column_1_1 1_1 fusion-flex-column\" style=\"--awb-bg-size:cover;--awb-width-large:100%;--awb-margin-top-large:0px;--awb-spacing-right-large:1.92%;--awb-margin-bottom-large:20px;--awb-spacing-left-large:1.92%;--awb-width-medium:100%;--awb-order-medium:0;--awb-spacing-right-medium:1.92%;--awb-spacing-left-medium:1.92%;--awb-width-small:100%;--awb-order-small:0;--awb-spacing-right-small:1.92%;--awb-spacing-left-small:1.92%;\"><div class=\"fusion-column-wrapper fusion-column-has-shadow fusion-flex-justify-content-flex-start fusion-content-layout-column\"><div class=\"fusion-separator fusion-full-width-sep\" style=\"align-self: center;margin-left: auto;margin-right: auto;margin-top:10px;margin-bottom:25px;width:100%;\"><\/div><\/div><\/div><div class=\"fusion-layout-column fusion_builder_column fusion-builder-column-7 fusion_builder_column_1_2 1_2 fusion-flex-column\" style=\"--awb-bg-size:cover;--awb-width-large:50%;--awb-margin-top-large:0px;--awb-spacing-right-large:3.84%;--awb-margin-bottom-large:20px;--awb-spacing-left-large:3.84%;--awb-width-medium:50%;--awb-order-medium:0;--awb-spacing-right-medium:3.84%;--awb-spacing-left-medium:3.84%;--awb-width-small:100%;--awb-order-small:0;--awb-spacing-right-small:1.92%;--awb-spacing-left-small:1.92%;\"><div class=\"fusion-column-wrapper fusion-column-has-shadow fusion-flex-justify-content-flex-start fusion-content-layout-column\"><div class=\"fusion-text fusion-text-5\"><div style=\"padding:28px 24px; border-top:2px solid #0077B6; background:#1a1a1a;\">\n<h2 style=\"font-size:15px; font-weight:700; margin-bottom:14px;\">Denizcilik ve Karavan Elektrik Sistemleri<\/h2>\n<p style=\"margin-bottom:12px;\">Deniz ortamlar\u0131n\u0131n ve yolculuklar\u0131n zorlu ger\u00e7eklerine dayanacak \u015fekilde tasarlanm\u0131\u015f g\u00fcvenilir, g\u00fcvenli ve verimli elektrik sistemleri sunuyoruz. \u00c7\u00f6z\u00fcmlerimiz, \u00e7evresel etkiyi en aza indirmek i\u00e7in enerji verimlili\u011fine odaklanarak dayan\u0131kl\u0131l\u0131\u011f\u0131 ve kolay bak\u0131m\u0131 vurgular. <\/p>\n<p>Denizcilik ve karavan \u00fcnitelerinin elektrik altyap\u0131s\u0131n\u0131 geli\u015ftirerek Retech, t\u00fcm ko\u015fullarda sorunsuz \u00e7al\u0131\u015fma ve iyile\u015ftirilmi\u015f performans sa\u011flar.<\/p>\n<\/div>\n<\/div><\/div><\/div><div class=\"fusion-layout-column fusion_builder_column fusion-builder-column-8 fusion_builder_column_1_2 1_2 fusion-flex-column\" style=\"--awb-bg-size:cover;--awb-width-large:50%;--awb-margin-top-large:0px;--awb-spacing-right-large:3.84%;--awb-margin-bottom-large:20px;--awb-spacing-left-large:3.84%;--awb-width-medium:50%;--awb-order-medium:0;--awb-spacing-right-medium:3.84%;--awb-spacing-left-medium:3.84%;--awb-width-small:100%;--awb-order-small:0;--awb-spacing-right-small:1.92%;--awb-spacing-left-small:1.92%;\"><div class=\"fusion-column-wrapper fusion-column-has-shadow fusion-flex-justify-content-flex-start fusion-content-layout-column\"><div class=\"fusion-text fusion-text-6\"><div style=\"padding:28px 24px; border-top:2px solid #0077B6; background:#1a1a1a;\">\n<h2 style=\"font-size:15px; font-weight:700; margin-bottom:14px;\">\u00d6zelle\u015ftirilmi\u015f Ak\u00fc \u00c7\u00f6z\u00fcmleri<\/h2>\n<p style=\"margin-bottom:12px;\">Retech, lityum-iyon ve lityum demir fosfat (LiFePO4) sistemleri dahil olmak \u00fczere \u00f6zelle\u015ftirilmi\u015f batarya \u00e7\u00f6z\u00fcmleri tasarlar. Belirli enerji ihtiya\u00e7lar\u0131n\u0131 ve mekansal k\u0131s\u0131tlamalar\u0131 kar\u015f\u0131lamak \u00fczere tasarlanan batarya paketlerimiz, yenilenebilir enerji depolama, elektrikli ara\u00e7lar ve ta\u015f\u0131nabilir g\u00fc\u00e7 i\u00e7in idealdir. <\/p>\n<p>Verimlilik, uzun \u00f6m\u00fcrl\u00fcl\u00fck ve g\u00fcvenli\u011fe odaklanan batarya teknolojimiz, g\u00fcvenilir ve \u00e7evre dostu g\u00fc\u00e7 \u00e7\u00f6z\u00fcmleri sunar.<\/p>\n<\/div>\n<\/div><\/div><\/div><div class=\"fusion-layout-column fusion_builder_column fusion-builder-column-9 fusion_builder_column_1_1 1_1 fusion-flex-column\" style=\"--awb-bg-size:cover;--awb-width-large:100%;--awb-margin-top-large:42px;--awb-spacing-right-large:1.92%;--awb-margin-bottom-large:40px;--awb-spacing-left-large:1.92%;--awb-width-medium:100%;--awb-order-medium:0;--awb-spacing-right-medium:1.92%;--awb-spacing-left-medium:1.92%;--awb-width-small:100%;--awb-order-small:0;--awb-spacing-right-small:1.92%;--awb-spacing-left-small:1.92%;\"><div class=\"fusion-column-wrapper fusion-column-has-shadow fusion-flex-justify-content-flex-start fusion-content-layout-column\"><div class=\"fusion-text fusion-text-7\"><div style=\"border-left:3px solid #0077B6; padding-left:24px;\">\n<p style=\"font-style:italic;\">Retech&#8217;te elektrik sadece kablolama de\u011fildir. Sistemi \u00e7al\u0131\u015f\u0131r halde tutan omurgad\u0131r. <\/p>\n<\/div>\n<\/div><\/div><\/div><div class=\"fusion-layout-column fusion_builder_column fusion-builder-column-10 fusion_builder_column_1_1 1_1 fusion-flex-column\" style=\"--awb-bg-size:cover;--awb-width-large:100%;--awb-margin-top-large:0px;--awb-spacing-right-large:1.92%;--awb-margin-bottom-large:20px;--awb-spacing-left-large:1.92%;--awb-width-medium:100%;--awb-order-medium:0;--awb-spacing-right-medium:1.92%;--awb-spacing-left-medium:1.92%;--awb-width-small:100%;--awb-order-small:0;--awb-spacing-right-small:1.92%;--awb-spacing-left-small:1.92%;\"><div class=\"fusion-column-wrapper fusion-column-has-shadow fusion-flex-justify-content-flex-start fusion-content-layout-column\"><div class=\"fusion-separator fusion-full-width-sep\" style=\"align-self: center;margin-left: auto;margin-right: auto;margin-top:15px;margin-bottom:50px;width:100%;\"><div class=\"fusion-separator-border sep-shadow\" style=\"--awb-height:20px;--awb-amount:20px;background:radial-gradient(ellipse at 50% -50% , var(--awb-color3) 0px, rgba(255, 255, 255, 0) 80%) repeat scroll 0 0 rgba(0, 0, 0, 0);background:-webkit-radial-gradient(ellipse at 50% -50% , var(--awb-color3) 0px, rgba(255, 255, 255, 0) 80%) repeat scroll 0 0 rgba(0, 0, 0, 0);background:-moz-radial-gradient(ellipse at 50% -50% , var(--awb-color3) 0px, rgba(255, 255, 255, 0) 80%) repeat scroll 0 0 rgba(0, 0, 0, 0);background:-o-radial-gradient(ellipse at 50% -50% , var(--awb-color3) 0px, rgba(255, 255, 255, 0) 80%) repeat scroll 0 0 rgba(0, 0, 0, 0);\"><\/div><\/div><\/div><\/div><\/div><\/div>\n","protected":false},"excerpt":{"rendered":"","protected":false},"author":3,"featured_media":0,"parent":5983,"menu_order":0,"comment_status":"closed","ping_status":"closed","template":"100-width.php","meta":{"nf_dc_page":"","_themeisle_gutenberg_block_has_review":false,"footnotes":""},"class_list":["post-6127","page","type-page","status-publish","hentry"],"yoast_head":"<!-- This site is optimized with the Yoast SEO plugin v27.3 - https:\/\/yoast.com\/product\/yoast-seo-wordpress\/ -->\n<title>Elektrik Tesisat\u0131 &amp; Kablo Demeti \u00c7\u00f6z\u00fcmleri - Retech | Industrial Architecture and Engineering Solutions<\/title>\n<meta name=\"robots\" content=\"index, follow, max-snippet:-1, max-image-preview:large, max-video-preview:-1\" \/>\n<link rel=\"canonical\" href=\"https:\/\/retechgenius.com\/tr\/uretim-kompozit-cozumleri\/elektrik-tesisati-kablo-demeti-cozumleri\/\" \/>\n<meta property=\"og:locale\" content=\"tr_TR\" \/>\n<meta property=\"og:type\" content=\"article\" \/>\n<meta property=\"og:title\" content=\"Elektrik Tesisat\u0131 &amp; Kablo Demeti \u00c7\u00f6z\u00fcmleri - Retech | Industrial Architecture and Engineering Solutions\" \/>\n<meta property=\"og:url\" content=\"https:\/\/retechgenius.com\/tr\/uretim-kompozit-cozumleri\/elektrik-tesisati-kablo-demeti-cozumleri\/\" \/>\n<meta property=\"og:site_name\" content=\"Retech | Industrial Architecture and Engineering Solutions\" \/>\n<meta property=\"article:modified_time\" content=\"2026-04-02T10:41:56+00:00\" \/>\n<meta name=\"twitter:card\" content=\"summary_large_image\" \/>\n<meta name=\"twitter:label1\" content=\"Tahmini okuma s\u00fcresi\" \/>\n\t<meta name=\"twitter:data1\" content=\"17 dakika\" \/>\n<script type=\"application\/ld+json\" class=\"yoast-schema-graph\">{\"@context\":\"https:\\\/\\\/schema.org\",\"@graph\":[{\"@type\":\"WebPage\",\"@id\":\"https:\\\/\\\/retechgenius.com\\\/tr\\\/uretim-kompozit-cozumleri\\\/elektrik-tesisati-kablo-demeti-cozumleri\\\/\",\"url\":\"https:\\\/\\\/retechgenius.com\\\/tr\\\/uretim-kompozit-cozumleri\\\/elektrik-tesisati-kablo-demeti-cozumleri\\\/\",\"name\":\"Elektrik Tesisat\u0131 &amp; Kablo Demeti \u00c7\u00f6z\u00fcmleri - Retech | Industrial Architecture and Engineering Solutions\",\"isPartOf\":{\"@id\":\"https:\\\/\\\/retechgenius.com\\\/tr\\\/#website\"},\"datePublished\":\"2026-03-23T07:32:34+00:00\",\"dateModified\":\"2026-04-02T10:41:56+00:00\",\"breadcrumb\":{\"@id\":\"https:\\\/\\\/retechgenius.com\\\/tr\\\/uretim-kompozit-cozumleri\\\/elektrik-tesisati-kablo-demeti-cozumleri\\\/#breadcrumb\"},\"inLanguage\":\"tr\",\"potentialAction\":[{\"@type\":\"ReadAction\",\"target\":[\"https:\\\/\\\/retechgenius.com\\\/tr\\\/uretim-kompozit-cozumleri\\\/elektrik-tesisati-kablo-demeti-cozumleri\\\/\"]}]},{\"@type\":\"BreadcrumbList\",\"@id\":\"https:\\\/\\\/retechgenius.com\\\/tr\\\/uretim-kompozit-cozumleri\\\/elektrik-tesisati-kablo-demeti-cozumleri\\\/#breadcrumb\",\"itemListElement\":[{\"@type\":\"ListItem\",\"position\":1,\"name\":\"Home\",\"item\":\"https:\\\/\\\/retechgenius.com\\\/tr\\\/\"},{\"@type\":\"ListItem\",\"position\":2,\"name\":\"\u00dcretim &amp; Kompozit \u00c7\u00f6z\u00fcmleri\",\"item\":\"https:\\\/\\\/retechgenius.com\\\/tr\\\/uretim-kompozit-cozumleri\\\/\"},{\"@type\":\"ListItem\",\"position\":3,\"name\":\"Elektrik Tesisat\u0131 &amp; Kablo Demeti \u00c7\u00f6z\u00fcmleri\"}]},{\"@type\":\"WebSite\",\"@id\":\"https:\\\/\\\/retechgenius.com\\\/tr\\\/#website\",\"url\":\"https:\\\/\\\/retechgenius.com\\\/tr\\\/\",\"name\":\"Retech: Advanced Industrial Solutions\",\"description\":\"Advanced modular infrastructure and smart autonomous buildings for global industrial markets.\",\"publisher\":{\"@id\":\"https:\\\/\\\/retechgenius.com\\\/tr\\\/#organization\"},\"potentialAction\":[{\"@type\":\"SearchAction\",\"target\":{\"@type\":\"EntryPoint\",\"urlTemplate\":\"https:\\\/\\\/retechgenius.com\\\/tr\\\/?s={search_term_string}\"},\"query-input\":{\"@type\":\"PropertyValueSpecification\",\"valueRequired\":true,\"valueName\":\"search_term_string\"}}],\"inLanguage\":\"tr\"},{\"@type\":\"Organization\",\"@id\":\"https:\\\/\\\/retechgenius.com\\\/tr\\\/#organization\",\"name\":\"Retech\",\"url\":\"https:\\\/\\\/retechgenius.com\\\/tr\\\/\",\"logo\":{\"@type\":\"ImageObject\",\"inLanguage\":\"tr\",\"@id\":\"https:\\\/\\\/retechgenius.com\\\/tr\\\/#\\\/schema\\\/logo\\\/image\\\/\",\"url\":\"https:\\\/\\\/i0.wp.com\\\/retechgenius.com\\\/wp-content\\\/uploads\\\/2024\\\/03\\\/Retech.jpg?fit=705%2C350\",\"contentUrl\":\"https:\\\/\\\/i0.wp.com\\\/retechgenius.com\\\/wp-content\\\/uploads\\\/2024\\\/03\\\/Retech.jpg?fit=705%2C350\",\"width\":705,\"height\":350,\"caption\":\"Retech\"},\"image\":{\"@id\":\"https:\\\/\\\/retechgenius.com\\\/tr\\\/#\\\/schema\\\/logo\\\/image\\\/\"},\"sameAs\":[\"https:\\\/\\\/www.linkedin.com\\\/company\\\/retech-composite-solutions\\\/\"]}]}<\/script>\n<!-- \/ Yoast SEO plugin. -->","yoast_head_json":{"title":"Elektrik Tesisat\u0131 &amp; Kablo Demeti \u00c7\u00f6z\u00fcmleri - Retech | Industrial Architecture and Engineering Solutions","robots":{"index":"index","follow":"follow","max-snippet":"max-snippet:-1","max-image-preview":"max-image-preview:large","max-video-preview":"max-video-preview:-1"},"canonical":"https:\/\/retechgenius.com\/tr\/uretim-kompozit-cozumleri\/elektrik-tesisati-kablo-demeti-cozumleri\/","og_locale":"tr_TR","og_type":"article","og_title":"Elektrik Tesisat\u0131 &amp; Kablo Demeti \u00c7\u00f6z\u00fcmleri - Retech | Industrial Architecture and Engineering Solutions","og_url":"https:\/\/retechgenius.com\/tr\/uretim-kompozit-cozumleri\/elektrik-tesisati-kablo-demeti-cozumleri\/","og_site_name":"Retech | Industrial Architecture and Engineering Solutions","article_modified_time":"2026-04-02T10:41:56+00:00","twitter_card":"summary_large_image","twitter_misc":{"Tahmini okuma s\u00fcresi":"17 dakika"},"schema":{"@context":"https:\/\/schema.org","@graph":[{"@type":"WebPage","@id":"https:\/\/retechgenius.com\/tr\/uretim-kompozit-cozumleri\/elektrik-tesisati-kablo-demeti-cozumleri\/","url":"https:\/\/retechgenius.com\/tr\/uretim-kompozit-cozumleri\/elektrik-tesisati-kablo-demeti-cozumleri\/","name":"Elektrik Tesisat\u0131 &amp; Kablo Demeti \u00c7\u00f6z\u00fcmleri - Retech | Industrial Architecture and Engineering Solutions","isPartOf":{"@id":"https:\/\/retechgenius.com\/tr\/#website"},"datePublished":"2026-03-23T07:32:34+00:00","dateModified":"2026-04-02T10:41:56+00:00","breadcrumb":{"@id":"https:\/\/retechgenius.com\/tr\/uretim-kompozit-cozumleri\/elektrik-tesisati-kablo-demeti-cozumleri\/#breadcrumb"},"inLanguage":"tr","potentialAction":[{"@type":"ReadAction","target":["https:\/\/retechgenius.com\/tr\/uretim-kompozit-cozumleri\/elektrik-tesisati-kablo-demeti-cozumleri\/"]}]},{"@type":"BreadcrumbList","@id":"https:\/\/retechgenius.com\/tr\/uretim-kompozit-cozumleri\/elektrik-tesisati-kablo-demeti-cozumleri\/#breadcrumb","itemListElement":[{"@type":"ListItem","position":1,"name":"Home","item":"https:\/\/retechgenius.com\/tr\/"},{"@type":"ListItem","position":2,"name":"\u00dcretim &amp; Kompozit \u00c7\u00f6z\u00fcmleri","item":"https:\/\/retechgenius.com\/tr\/uretim-kompozit-cozumleri\/"},{"@type":"ListItem","position":3,"name":"Elektrik Tesisat\u0131 &amp; Kablo Demeti \u00c7\u00f6z\u00fcmleri"}]},{"@type":"WebSite","@id":"https:\/\/retechgenius.com\/tr\/#website","url":"https:\/\/retechgenius.com\/tr\/","name":"Retech: Advanced Industrial Solutions","description":"Advanced modular infrastructure and smart autonomous buildings for global industrial markets.","publisher":{"@id":"https:\/\/retechgenius.com\/tr\/#organization"},"potentialAction":[{"@type":"SearchAction","target":{"@type":"EntryPoint","urlTemplate":"https:\/\/retechgenius.com\/tr\/?s={search_term_string}"},"query-input":{"@type":"PropertyValueSpecification","valueRequired":true,"valueName":"search_term_string"}}],"inLanguage":"tr"},{"@type":"Organization","@id":"https:\/\/retechgenius.com\/tr\/#organization","name":"Retech","url":"https:\/\/retechgenius.com\/tr\/","logo":{"@type":"ImageObject","inLanguage":"tr","@id":"https:\/\/retechgenius.com\/tr\/#\/schema\/logo\/image\/","url":"https:\/\/i0.wp.com\/retechgenius.com\/wp-content\/uploads\/2024\/03\/Retech.jpg?fit=705%2C350","contentUrl":"https:\/\/i0.wp.com\/retechgenius.com\/wp-content\/uploads\/2024\/03\/Retech.jpg?fit=705%2C350","width":705,"height":350,"caption":"Retech"},"image":{"@id":"https:\/\/retechgenius.com\/tr\/#\/schema\/logo\/image\/"},"sameAs":["https:\/\/www.linkedin.com\/company\/retech-composite-solutions\/"]}]}},"_links":{"self":[{"href":"https:\/\/retechgenius.com\/tr\/wp-json\/wp\/v2\/pages\/6127","targetHints":{"allow":["GET"]}}],"collection":[{"href":"https:\/\/retechgenius.com\/tr\/wp-json\/wp\/v2\/pages"}],"about":[{"href":"https:\/\/retechgenius.com\/tr\/wp-json\/wp\/v2\/types\/page"}],"author":[{"embeddable":true,"href":"https:\/\/retechgenius.com\/tr\/wp-json\/wp\/v2\/users\/3"}],"replies":[{"embeddable":true,"href":"https:\/\/retechgenius.com\/tr\/wp-json\/wp\/v2\/comments?post=6127"}],"version-history":[{"count":9,"href":"https:\/\/retechgenius.com\/tr\/wp-json\/wp\/v2\/pages\/6127\/revisions"}],"predecessor-version":[{"id":6192,"href":"https:\/\/retechgenius.com\/tr\/wp-json\/wp\/v2\/pages\/6127\/revisions\/6192"}],"up":[{"embeddable":true,"href":"https:\/\/retechgenius.com\/tr\/wp-json\/wp\/v2\/pages\/5983"}],"wp:attachment":[{"href":"https:\/\/retechgenius.com\/tr\/wp-json\/wp\/v2\/media?parent=6127"}],"curies":[{"name":"wp","href":"https:\/\/api.w.org\/{rel}","templated":true}]}}