{"id":6159,"date":"2026-03-23T10:29:09","date_gmt":"2026-03-23T07:29:09","guid":{"rendered":"https:\/\/retechgenius.com\/uretim-kompozit-cozumleri\/sac-bukme-ve-kaynak\/"},"modified":"2026-04-02T13:41:55","modified_gmt":"2026-04-02T10:41:55","slug":"sac-bukme-ve-kaynak","status":"publish","type":"page","link":"https:\/\/retechgenius.com\/tr\/uretim-kompozit-cozumleri\/sac-bukme-ve-kaynak\/","title":{"rendered":"Sac B\u00fckme ve Kaynak"},"content":{"rendered":"<div class=\"fusion-fullwidth fullwidth-box fusion-builder-row-1 fusion-flex-container nonhundred-percent-fullwidth non-hundred-percent-height-scrolling\" style=\"--awb-border-radius-top-left:0px;--awb-border-radius-top-right:0px;--awb-border-radius-bottom-right:0px;--awb-border-radius-bottom-left:0px;--awb-flex-wrap:wrap;\" ><div class=\"fusion-builder-row fusion-row fusion-flex-align-items-flex-start fusion-flex-content-wrap\" style=\"max-width:1248px;margin-left: calc(-4% \/ 2 );margin-right: calc(-4% \/ 2 );\"><div class=\"fusion-layout-column fusion_builder_column fusion-builder-column-0 fusion_builder_column_1_1 1_1 fusion-flex-column\" style=\"--awb-bg-size:cover;--awb-width-large:100%;--awb-margin-top-large:0px;--awb-spacing-right-large:1.92%;--awb-margin-bottom-large:20px;--awb-spacing-left-large:1.92%;--awb-width-medium:100%;--awb-order-medium:0;--awb-spacing-right-medium:1.92%;--awb-spacing-left-medium:1.92%;--awb-width-small:100%;--awb-order-small:0;--awb-spacing-right-small:1.92%;--awb-spacing-left-small:1.92%;\"><div class=\"fusion-column-wrapper fusion-column-has-shadow fusion-flex-justify-content-flex-start fusion-content-layout-column\"><div class=\"fusion-image-element \" style=\"--awb-caption-title-font-family:var(--h2_typography-font-family);--awb-caption-title-font-weight:var(--h2_typography-font-weight);--awb-caption-title-font-style:var(--h2_typography-font-style);--awb-caption-title-size:var(--h2_typography-font-size);--awb-caption-title-transform:var(--h2_typography-text-transform);--awb-caption-title-line-height:var(--h2_typography-line-height);--awb-caption-title-letter-spacing:var(--h2_typography-letter-spacing);\"><span class=\" fusion-imageframe imageframe-none imageframe-1 hover-type-none\"><img decoding=\"async\" width=\"1250\" height=\"600\" title=\"Metal B\u00fckme 6_600\" src=\"https:\/\/retechgenius.com\/wp-content\/uploads\/2026\/03\/Metalbending6_600.webp\" alt class=\"img-responsive wp-image-6162\" srcset=\"https:\/\/retechgenius.com\/wp-content\/uploads\/2026\/03\/Metalbending6_600-200x96.webp 200w, https:\/\/retechgenius.com\/wp-content\/uploads\/2026\/03\/Metalbending6_600-400x192.webp 400w, https:\/\/retechgenius.com\/wp-content\/uploads\/2026\/03\/Metalbending6_600-600x288.webp 600w, https:\/\/retechgenius.com\/wp-content\/uploads\/2026\/03\/Metalbending6_600-800x384.webp 800w, https:\/\/retechgenius.com\/wp-content\/uploads\/2026\/03\/Metalbending6_600-1200x576.webp 1200w, https:\/\/retechgenius.com\/wp-content\/uploads\/2026\/03\/Metalbending6_600.webp 1250w\" sizes=\"(max-width: 640px) 100vw, 1200px\" \/><\/span><\/div><\/div><\/div><div class=\"fusion-layout-column fusion_builder_column fusion-builder-column-1 fusion_builder_column_1_1 1_1 fusion-flex-column\" style=\"--awb-bg-size:cover;--awb-width-large:100%;--awb-margin-top-large:0px;--awb-spacing-right-large:1.92%;--awb-margin-bottom-large:20px;--awb-spacing-left-large:1.92%;--awb-width-medium:100%;--awb-order-medium:0;--awb-spacing-right-medium:1.92%;--awb-spacing-left-medium:1.92%;--awb-width-small:100%;--awb-order-small:0;--awb-spacing-right-small:1.92%;--awb-spacing-left-small:1.92%;\"><div class=\"fusion-column-wrapper fusion-column-has-shadow fusion-flex-justify-content-flex-start fusion-content-layout-column\"><div class=\"fusion-title title fusion-title-1 fusion-sep-none fusion-title-text fusion-title-size-one\" style=\"--awb-margin-top-small:10px;--awb-margin-right-small:0px;--awb-margin-bottom-small:10px;--awb-margin-left-small:0px;--awb-font-size:32px;\"><h1 class=\"fusion-title-heading title-heading-left\" style=\"margin:0;font-size:1em;\"><p style=\"font-size: 16px; letter-spacing: 4px; text-transform: uppercase; color: #0077b6; font-weight: bold; margin-bottom: 18px;\">Metal \u0130malat\u0131<\/p>\n<h1 style=\"font-size: 40px; font-weight: 800; letter-spacing: -0.8px; line-height: 1.1; margin: 0;\">Sac B\u00fckme <span style=\"color: #0077b6;\">ve Kaynak<\/span><\/h1><\/h1><\/div><\/div><\/div><div class=\"fusion-layout-column fusion_builder_column fusion-builder-column-2 fusion_builder_column_1_1 1_1 fusion-flex-column\" style=\"--awb-bg-size:cover;--awb-width-large:100%;--awb-margin-top-large:0px;--awb-spacing-right-large:1.92%;--awb-margin-bottom-large:35px;--awb-spacing-left-large:1.92%;--awb-width-medium:100%;--awb-spacing-right-medium:1.92%;--awb-spacing-left-medium:1.92%;--awb-width-small:100%;--awb-spacing-right-small:1.92%;--awb-spacing-left-small:1.92%;\"><div class=\"fusion-column-wrapper fusion-flex-justify-content-flex-start fusion-content-layout-column\"><div class=\"fusion-text fusion-text-1\"><p style=\"margin-bottom:14px;\">Retech&#8217;te sac b\u00fckme operasyonlar\u0131m\u0131z, otomotiv, in\u015faat ve end\u00fcstriyel sekt\u00f6rlere e\u015fsiz uzmanl\u0131kla hizmet vererek hassasiyet ve esnekli\u011fi bir araya getirmektedir.<\/p>\n<p>Metal bile\u015fenleri, daha b\u00fcy\u00fck m\u00fchendislik sistemlerine uyacak \u015fekilde hassasiyetle \u015fekillendiriyoruz. B\u00fckme operasyonlar\u0131m\u0131z, end\u00fcstriyel par\u00e7alarda, mod\u00fcler yap\u0131larda ve do\u011fruluk ile tekrarlanabilirli\u011fin \u00f6nemli oldu\u011fu \u00f6zel \u00fcretimlerde kullan\u0131lmaktad\u0131r. <\/p>\n<\/div><\/div><\/div><div class=\"fusion-layout-column fusion_builder_column fusion-builder-column-3 fusion_builder_column_1_3 1_3 fusion-flex-column\" style=\"--awb-bg-size:cover;--awb-width-large:33.333333333333%;--awb-margin-top-large:0px;--awb-spacing-right-large:5.76%;--awb-margin-bottom-large:20px;--awb-spacing-left-large:5.76%;--awb-width-medium:33.333333333333%;--awb-order-medium:0;--awb-spacing-right-medium:5.76%;--awb-spacing-left-medium:5.76%;--awb-width-small:100%;--awb-order-small:0;--awb-spacing-right-small:1.92%;--awb-spacing-left-small:1.92%;\"><div class=\"fusion-column-wrapper fusion-column-has-shadow fusion-flex-justify-content-flex-start fusion-content-layout-column\"><div class=\"fusion-text fusion-text-2\"><div style=\"text-align:center; padding:32px 16px;\">\n<p style=\"font-size:38px; font-weight:800; color:#0077B6; letter-spacing:-1px; line-height:1; margin-bottom:8px;\">MIG<\/p>\n<p style=\"font-size:11px; letter-spacing:2px; text-transform:uppercase;\">Metal \u0130nert Gaz Kayna\u011f\u0131<\/p>\n<\/div>\n<\/div><\/div><\/div><div class=\"fusion-layout-column fusion_builder_column fusion-builder-column-4 fusion_builder_column_1_3 1_3 fusion-flex-column\" style=\"--awb-bg-size:cover;--awb-width-large:33.333333333333%;--awb-margin-top-large:0px;--awb-spacing-right-large:5.76%;--awb-margin-bottom-large:20px;--awb-spacing-left-large:5.76%;--awb-width-medium:33.333333333333%;--awb-order-medium:0;--awb-spacing-right-medium:5.76%;--awb-spacing-left-medium:5.76%;--awb-width-small:100%;--awb-order-small:0;--awb-spacing-right-small:1.92%;--awb-spacing-left-small:1.92%;\"><div class=\"fusion-column-wrapper fusion-column-has-shadow fusion-flex-justify-content-flex-start fusion-content-layout-column\"><div class=\"fusion-text fusion-text-3\"><div style=\"text-align:center; padding:32px 16px; border-left:1px solid rgba(255,255,255,0.08); border-right:1px solid rgba(255,255,255,0.08);\">\n<p style=\"font-size:38px; font-weight:800; color:#0077B6; letter-spacing:-1px; line-height:1; margin-bottom:8px;\">TIG<\/p>\n<p style=\"font-size:11px; letter-spacing:2px; text-transform:uppercase;\">Tungsten \u0130nert Gaz Kayna\u011f\u0131<\/p>\n<\/div>\n<\/div><\/div><\/div><div class=\"fusion-layout-column fusion_builder_column fusion-builder-column-5 fusion_builder_column_1_3 1_3 fusion-flex-column\" style=\"--awb-bg-size:cover;--awb-width-large:33.333333333333%;--awb-margin-top-large:0px;--awb-spacing-right-large:5.76%;--awb-margin-bottom-large:20px;--awb-spacing-left-large:5.76%;--awb-width-medium:33.333333333333%;--awb-order-medium:0;--awb-spacing-right-medium:5.76%;--awb-spacing-left-medium:5.76%;--awb-width-small:100%;--awb-order-small:0;--awb-spacing-right-small:1.92%;--awb-spacing-left-small:1.92%;\"><div class=\"fusion-column-wrapper fusion-column-has-shadow fusion-flex-justify-content-flex-start fusion-content-layout-column\"><div class=\"fusion-text fusion-text-4\"><div style=\"text-align:center; padding:32px 16px;\">\n<p style=\"font-size:38px; font-weight:800; color:#0077B6; letter-spacing:-1px; line-height:1; margin-bottom:8px;\">SMAW<\/p>\n<p style=\"font-size:11px; letter-spacing:2px; text-transform:uppercase;\">\u00d6rt\u00fcl\u00fc Elektrot Ark Kayna\u011f\u0131<\/p>\n<\/div>\n<\/div><\/div><\/div><div class=\"fusion-layout-column fusion_builder_column fusion-builder-column-6 fusion_builder_column_1_1 1_1 fusion-flex-column\" style=\"--awb-bg-size:cover;--awb-width-large:100%;--awb-margin-top-large:30px;--awb-spacing-right-large:1.92%;--awb-margin-bottom-large:42px;--awb-spacing-left-large:1.92%;--awb-width-medium:100%;--awb-order-medium:0;--awb-spacing-right-medium:1.92%;--awb-spacing-left-medium:1.92%;--awb-width-small:100%;--awb-order-small:0;--awb-spacing-right-small:1.92%;--awb-spacing-left-small:1.92%;\"><div class=\"fusion-column-wrapper fusion-column-has-shadow fusion-flex-justify-content-flex-start fusion-content-layout-column\"><div class=\"fusion-text fusion-text-5\"><p style=\"margin-bottom:14px;\">Ger\u00e7ek kullan\u0131ma haz\u0131r, g\u00fc\u00e7l\u00fc ve g\u00fcvenilir bile\u015fenler olu\u015fturmak i\u00e7in b\u00fckme ve kayna\u011f\u0131 birle\u015ftiriyoruz. Yeteneklerimiz aras\u0131nda MIG, TIG ve SMAW kayna\u011f\u0131 bulunmaktad\u0131r, bu da farkl\u0131 malzeme ve gereksinimlere uyum sa\u011flamam\u0131z\u0131 sa\u011flar. <\/p>\n<p style=\"margin-bottom:14px;\">Her par\u00e7a, hem yap\u0131sal b\u00fct\u00fcnl\u00fc\u011f\u00fc hem de tasar\u0131m amac\u0131n\u0131 destekleyecek \u015fekilde kat\u0131 toleranslarla \u00fcretilir. Ekibimiz, basit metal bile\u015fenlerden hassas uyum ve estetik bitirme gerektiren olduk\u00e7a karma\u015f\u0131k montajlara kadar \u00e7e\u015fitli projeleri y\u00f6netmektedir. <\/p>\n<p>Sac metal \u015fekillendirmeyi geli\u015fmi\u015f kaynakla entegre ederek, teslim s\u00fcrelerini k\u0131saltan, kalite kontrol\u00fcn\u00fc iyile\u015ftiren ve tutarl\u0131 sonu\u00e7lar sa\u011flayan eksiksiz bir \u015firket i\u00e7i s\u00fcre\u00e7 sunuyoruz.<\/p>\n<\/div><\/div><\/div><div class=\"fusion-layout-column fusion_builder_column fusion-builder-column-7 fusion_builder_column_1_1 1_1 fusion-flex-column\" style=\"--awb-bg-size:cover;--awb-width-large:100%;--awb-margin-top-large:0px;--awb-spacing-right-large:1.92%;--awb-margin-bottom-large:20px;--awb-spacing-left-large:1.92%;--awb-width-medium:100%;--awb-order-medium:0;--awb-spacing-right-medium:1.92%;--awb-spacing-left-medium:1.92%;--awb-width-small:100%;--awb-order-small:0;--awb-spacing-right-small:1.92%;--awb-spacing-left-small:1.92%;\"><div class=\"fusion-column-wrapper fusion-column-has-shadow fusion-flex-justify-content-flex-start fusion-content-layout-column\"><div class=\"fusion-text fusion-text-6\"><div style=\"border-left:3px solid #0077B6; padding-left:24px;\">\n<p style=\"font-style:italic;\">Retech&#8217;te bu sadece metal \u015fekillendirmek de\u011fildir. Bu, uyumlu, dayan\u0131kl\u0131 ve beklendi\u011fi gibi performans g\u00f6steren bile\u015fenler in\u015fa etmektir. <\/p>\n<\/div>\n<\/div><\/div><\/div><div class=\"fusion-layout-column fusion_builder_column fusion-builder-column-8 fusion_builder_column_1_1 1_1 fusion-flex-column\" style=\"--awb-bg-size:cover;--awb-width-large:100%;--awb-margin-top-large:0px;--awb-spacing-right-large:1.92%;--awb-margin-bottom-large:20px;--awb-spacing-left-large:1.92%;--awb-width-medium:100%;--awb-order-medium:0;--awb-spacing-right-medium:1.92%;--awb-spacing-left-medium:1.92%;--awb-width-small:100%;--awb-order-small:0;--awb-spacing-right-small:1.92%;--awb-spacing-left-small:1.92%;\"><div class=\"fusion-column-wrapper fusion-column-has-shadow fusion-flex-justify-content-flex-start fusion-content-layout-column\"><div class=\"fusion-separator fusion-full-width-sep\" style=\"align-self: center;margin-left: auto;margin-right: auto;margin-top:15px;margin-bottom:50px;width:100%;\"><div class=\"fusion-separator-border sep-shadow\" style=\"--awb-height:20px;--awb-amount:20px;background:radial-gradient(ellipse at 50% -50% , var(--awb-color3) 0px, rgba(255, 255, 255, 0) 80%) repeat scroll 0 0 rgba(0, 0, 0, 0);background:-webkit-radial-gradient(ellipse at 50% -50% , var(--awb-color3) 0px, rgba(255, 255, 255, 0) 80%) repeat scroll 0 0 rgba(0, 0, 0, 0);background:-moz-radial-gradient(ellipse at 50% -50% , var(--awb-color3) 0px, rgba(255, 255, 255, 0) 80%) repeat scroll 0 0 rgba(0, 0, 0, 0);background:-o-radial-gradient(ellipse at 50% -50% , var(--awb-color3) 0px, rgba(255, 255, 255, 0) 80%) repeat scroll 0 0 rgba(0, 0, 0, 0);\"><\/div><\/div><\/div><\/div><\/div><\/div>\n","protected":false},"excerpt":{"rendered":"","protected":false},"author":3,"featured_media":0,"parent":5983,"menu_order":0,"comment_status":"closed","ping_status":"closed","template":"100-width.php","meta":{"nf_dc_page":"","_themeisle_gutenberg_block_has_review":false,"footnotes":""},"class_list":["post-6159","page","type-page","status-publish","hentry"],"yoast_head":"<!-- This site is optimized with the Yoast SEO plugin v27.3 - https:\/\/yoast.com\/product\/yoast-seo-wordpress\/ -->\n<title>Sac B\u00fckme ve Kaynak - Retech | Industrial Architecture and Engineering Solutions<\/title>\n<meta name=\"robots\" content=\"index, follow, max-snippet:-1, max-image-preview:large, max-video-preview:-1\" \/>\n<link rel=\"canonical\" href=\"https:\/\/retechgenius.com\/tr\/uretim-kompozit-cozumleri\/sac-bukme-ve-kaynak\/\" \/>\n<meta property=\"og:locale\" content=\"tr_TR\" \/>\n<meta property=\"og:type\" content=\"article\" \/>\n<meta property=\"og:title\" content=\"Sac B\u00fckme ve Kaynak - Retech | Industrial Architecture and Engineering Solutions\" \/>\n<meta property=\"og:url\" content=\"https:\/\/retechgenius.com\/tr\/uretim-kompozit-cozumleri\/sac-bukme-ve-kaynak\/\" \/>\n<meta property=\"og:site_name\" content=\"Retech | Industrial Architecture and Engineering Solutions\" \/>\n<meta property=\"article:modified_time\" content=\"2026-04-02T10:41:55+00:00\" \/>\n<meta name=\"twitter:card\" content=\"summary_large_image\" \/>\n<meta name=\"twitter:label1\" content=\"Tahmini okuma s\u00fcresi\" \/>\n\t<meta name=\"twitter:data1\" content=\"14 dakika\" \/>\n<script type=\"application\/ld+json\" class=\"yoast-schema-graph\">{\"@context\":\"https:\\\/\\\/schema.org\",\"@graph\":[{\"@type\":\"WebPage\",\"@id\":\"https:\\\/\\\/retechgenius.com\\\/tr\\\/uretim-kompozit-cozumleri\\\/sac-bukme-ve-kaynak\\\/\",\"url\":\"https:\\\/\\\/retechgenius.com\\\/tr\\\/uretim-kompozit-cozumleri\\\/sac-bukme-ve-kaynak\\\/\",\"name\":\"Sac B\u00fckme ve Kaynak - Retech | Industrial Architecture and Engineering Solutions\",\"isPartOf\":{\"@id\":\"https:\\\/\\\/retechgenius.com\\\/tr\\\/#website\"},\"datePublished\":\"2026-03-23T07:29:09+00:00\",\"dateModified\":\"2026-04-02T10:41:55+00:00\",\"breadcrumb\":{\"@id\":\"https:\\\/\\\/retechgenius.com\\\/tr\\\/uretim-kompozit-cozumleri\\\/sac-bukme-ve-kaynak\\\/#breadcrumb\"},\"inLanguage\":\"tr\",\"potentialAction\":[{\"@type\":\"ReadAction\",\"target\":[\"https:\\\/\\\/retechgenius.com\\\/tr\\\/uretim-kompozit-cozumleri\\\/sac-bukme-ve-kaynak\\\/\"]}]},{\"@type\":\"BreadcrumbList\",\"@id\":\"https:\\\/\\\/retechgenius.com\\\/tr\\\/uretim-kompozit-cozumleri\\\/sac-bukme-ve-kaynak\\\/#breadcrumb\",\"itemListElement\":[{\"@type\":\"ListItem\",\"position\":1,\"name\":\"Home\",\"item\":\"https:\\\/\\\/retechgenius.com\\\/tr\\\/\"},{\"@type\":\"ListItem\",\"position\":2,\"name\":\"\u00dcretim &amp; Kompozit \u00c7\u00f6z\u00fcmleri\",\"item\":\"https:\\\/\\\/retechgenius.com\\\/tr\\\/uretim-kompozit-cozumleri\\\/\"},{\"@type\":\"ListItem\",\"position\":3,\"name\":\"Sac B\u00fckme ve Kaynak\"}]},{\"@type\":\"WebSite\",\"@id\":\"https:\\\/\\\/retechgenius.com\\\/tr\\\/#website\",\"url\":\"https:\\\/\\\/retechgenius.com\\\/tr\\\/\",\"name\":\"Retech: Advanced Industrial Solutions\",\"description\":\"Advanced modular infrastructure and smart autonomous buildings for global industrial markets.\",\"publisher\":{\"@id\":\"https:\\\/\\\/retechgenius.com\\\/tr\\\/#organization\"},\"potentialAction\":[{\"@type\":\"SearchAction\",\"target\":{\"@type\":\"EntryPoint\",\"urlTemplate\":\"https:\\\/\\\/retechgenius.com\\\/tr\\\/?s={search_term_string}\"},\"query-input\":{\"@type\":\"PropertyValueSpecification\",\"valueRequired\":true,\"valueName\":\"search_term_string\"}}],\"inLanguage\":\"tr\"},{\"@type\":\"Organization\",\"@id\":\"https:\\\/\\\/retechgenius.com\\\/tr\\\/#organization\",\"name\":\"Retech\",\"url\":\"https:\\\/\\\/retechgenius.com\\\/tr\\\/\",\"logo\":{\"@type\":\"ImageObject\",\"inLanguage\":\"tr\",\"@id\":\"https:\\\/\\\/retechgenius.com\\\/tr\\\/#\\\/schema\\\/logo\\\/image\\\/\",\"url\":\"https:\\\/\\\/i0.wp.com\\\/retechgenius.com\\\/wp-content\\\/uploads\\\/2024\\\/03\\\/Retech.jpg?fit=705%2C350\",\"contentUrl\":\"https:\\\/\\\/i0.wp.com\\\/retechgenius.com\\\/wp-content\\\/uploads\\\/2024\\\/03\\\/Retech.jpg?fit=705%2C350\",\"width\":705,\"height\":350,\"caption\":\"Retech\"},\"image\":{\"@id\":\"https:\\\/\\\/retechgenius.com\\\/tr\\\/#\\\/schema\\\/logo\\\/image\\\/\"},\"sameAs\":[\"https:\\\/\\\/www.linkedin.com\\\/company\\\/retech-composite-solutions\\\/\"]}]}<\/script>\n<!-- \/ Yoast SEO plugin. -->","yoast_head_json":{"title":"Sac B\u00fckme ve Kaynak - Retech | Industrial Architecture and Engineering Solutions","robots":{"index":"index","follow":"follow","max-snippet":"max-snippet:-1","max-image-preview":"max-image-preview:large","max-video-preview":"max-video-preview:-1"},"canonical":"https:\/\/retechgenius.com\/tr\/uretim-kompozit-cozumleri\/sac-bukme-ve-kaynak\/","og_locale":"tr_TR","og_type":"article","og_title":"Sac B\u00fckme ve Kaynak - Retech | Industrial Architecture and Engineering Solutions","og_url":"https:\/\/retechgenius.com\/tr\/uretim-kompozit-cozumleri\/sac-bukme-ve-kaynak\/","og_site_name":"Retech | Industrial Architecture and Engineering Solutions","article_modified_time":"2026-04-02T10:41:55+00:00","twitter_card":"summary_large_image","twitter_misc":{"Tahmini okuma s\u00fcresi":"14 dakika"},"schema":{"@context":"https:\/\/schema.org","@graph":[{"@type":"WebPage","@id":"https:\/\/retechgenius.com\/tr\/uretim-kompozit-cozumleri\/sac-bukme-ve-kaynak\/","url":"https:\/\/retechgenius.com\/tr\/uretim-kompozit-cozumleri\/sac-bukme-ve-kaynak\/","name":"Sac B\u00fckme ve Kaynak - Retech | Industrial Architecture and Engineering Solutions","isPartOf":{"@id":"https:\/\/retechgenius.com\/tr\/#website"},"datePublished":"2026-03-23T07:29:09+00:00","dateModified":"2026-04-02T10:41:55+00:00","breadcrumb":{"@id":"https:\/\/retechgenius.com\/tr\/uretim-kompozit-cozumleri\/sac-bukme-ve-kaynak\/#breadcrumb"},"inLanguage":"tr","potentialAction":[{"@type":"ReadAction","target":["https:\/\/retechgenius.com\/tr\/uretim-kompozit-cozumleri\/sac-bukme-ve-kaynak\/"]}]},{"@type":"BreadcrumbList","@id":"https:\/\/retechgenius.com\/tr\/uretim-kompozit-cozumleri\/sac-bukme-ve-kaynak\/#breadcrumb","itemListElement":[{"@type":"ListItem","position":1,"name":"Home","item":"https:\/\/retechgenius.com\/tr\/"},{"@type":"ListItem","position":2,"name":"\u00dcretim &amp; Kompozit \u00c7\u00f6z\u00fcmleri","item":"https:\/\/retechgenius.com\/tr\/uretim-kompozit-cozumleri\/"},{"@type":"ListItem","position":3,"name":"Sac B\u00fckme ve Kaynak"}]},{"@type":"WebSite","@id":"https:\/\/retechgenius.com\/tr\/#website","url":"https:\/\/retechgenius.com\/tr\/","name":"Retech: Advanced Industrial Solutions","description":"Advanced modular infrastructure and smart autonomous buildings for global industrial markets.","publisher":{"@id":"https:\/\/retechgenius.com\/tr\/#organization"},"potentialAction":[{"@type":"SearchAction","target":{"@type":"EntryPoint","urlTemplate":"https:\/\/retechgenius.com\/tr\/?s={search_term_string}"},"query-input":{"@type":"PropertyValueSpecification","valueRequired":true,"valueName":"search_term_string"}}],"inLanguage":"tr"},{"@type":"Organization","@id":"https:\/\/retechgenius.com\/tr\/#organization","name":"Retech","url":"https:\/\/retechgenius.com\/tr\/","logo":{"@type":"ImageObject","inLanguage":"tr","@id":"https:\/\/retechgenius.com\/tr\/#\/schema\/logo\/image\/","url":"https:\/\/i0.wp.com\/retechgenius.com\/wp-content\/uploads\/2024\/03\/Retech.jpg?fit=705%2C350","contentUrl":"https:\/\/i0.wp.com\/retechgenius.com\/wp-content\/uploads\/2024\/03\/Retech.jpg?fit=705%2C350","width":705,"height":350,"caption":"Retech"},"image":{"@id":"https:\/\/retechgenius.com\/tr\/#\/schema\/logo\/image\/"},"sameAs":["https:\/\/www.linkedin.com\/company\/retech-composite-solutions\/"]}]}},"_links":{"self":[{"href":"https:\/\/retechgenius.com\/tr\/wp-json\/wp\/v2\/pages\/6159","targetHints":{"allow":["GET"]}}],"collection":[{"href":"https:\/\/retechgenius.com\/tr\/wp-json\/wp\/v2\/pages"}],"about":[{"href":"https:\/\/retechgenius.com\/tr\/wp-json\/wp\/v2\/types\/page"}],"author":[{"embeddable":true,"href":"https:\/\/retechgenius.com\/tr\/wp-json\/wp\/v2\/users\/3"}],"replies":[{"embeddable":true,"href":"https:\/\/retechgenius.com\/tr\/wp-json\/wp\/v2\/comments?post=6159"}],"version-history":[{"count":3,"href":"https:\/\/retechgenius.com\/tr\/wp-json\/wp\/v2\/pages\/6159\/revisions"}],"predecessor-version":[{"id":6190,"href":"https:\/\/retechgenius.com\/tr\/wp-json\/wp\/v2\/pages\/6159\/revisions\/6190"}],"up":[{"embeddable":true,"href":"https:\/\/retechgenius.com\/tr\/wp-json\/wp\/v2\/pages\/5983"}],"wp:attachment":[{"href":"https:\/\/retechgenius.com\/tr\/wp-json\/wp\/v2\/media?parent=6159"}],"curies":[{"name":"wp","href":"https:\/\/api.w.org\/{rel}","templated":true}]}}