{"id":6196,"date":"2026-03-23T10:03:20","date_gmt":"2026-03-23T07:03:20","guid":{"rendered":"https:\/\/retechgenius.com\/uretim-kompozit-cozumleri\/ahsap-isleri\/"},"modified":"2026-04-02T13:42:28","modified_gmt":"2026-04-02T10:42:28","slug":"ahsap-isleri","status":"publish","type":"page","link":"https:\/\/retechgenius.com\/tr\/uretim-kompozit-cozumleri\/ahsap-isleri\/","title":{"rendered":"Ah\u015fap \u0130\u015fleri"},"content":{"rendered":"<div class=\"fusion-fullwidth fullwidth-box fusion-builder-row-1 fusion-flex-container nonhundred-percent-fullwidth non-hundred-percent-height-scrolling\" style=\"--awb-border-radius-top-left:0px;--awb-border-radius-top-right:0px;--awb-border-radius-bottom-right:0px;--awb-border-radius-bottom-left:0px;--awb-flex-wrap:wrap;\" ><div class=\"fusion-builder-row fusion-row fusion-flex-align-items-flex-start fusion-flex-content-wrap\" style=\"max-width:1248px;margin-left: calc(-4% \/ 2 );margin-right: calc(-4% \/ 2 );\"><div class=\"fusion-layout-column fusion_builder_column fusion-builder-column-0 fusion_builder_column_1_1 1_1 fusion-flex-column\" style=\"--awb-bg-size:cover;--awb-width-large:100%;--awb-margin-top-large:0px;--awb-spacing-right-large:1.92%;--awb-margin-bottom-large:36px;--awb-spacing-left-large:1.92%;--awb-width-medium:100%;--awb-order-medium:0;--awb-spacing-right-medium:1.92%;--awb-spacing-left-medium:1.92%;--awb-width-small:100%;--awb-order-small:0;--awb-spacing-right-small:1.92%;--awb-spacing-left-small:1.92%;\"><div class=\"fusion-column-wrapper fusion-column-has-shadow fusion-flex-justify-content-flex-start fusion-content-layout-column\"><div class=\"fusion-image-element \" style=\"--awb-caption-title-font-family:var(--h2_typography-font-family);--awb-caption-title-font-weight:var(--h2_typography-font-weight);--awb-caption-title-font-style:var(--h2_typography-font-style);--awb-caption-title-size:var(--h2_typography-font-size);--awb-caption-title-transform:var(--h2_typography-text-transform);--awb-caption-title-line-height:var(--h2_typography-line-height);--awb-caption-title-letter-spacing:var(--h2_typography-letter-spacing);\"><span class=\" fusion-imageframe imageframe-none imageframe-1 hover-type-none\"><img decoding=\"async\" width=\"1250\" height=\"500\" title=\"ah\u015fap\" src=\"https:\/\/retechgenius.com\/wp-content\/uploads\/2026\/03\/wood.webp\" alt class=\"img-responsive wp-image-6197\" srcset=\"https:\/\/retechgenius.com\/wp-content\/uploads\/2026\/03\/wood-200x80.webp 200w, https:\/\/retechgenius.com\/wp-content\/uploads\/2026\/03\/wood-400x160.webp 400w, https:\/\/retechgenius.com\/wp-content\/uploads\/2026\/03\/wood-600x240.webp 600w, https:\/\/retechgenius.com\/wp-content\/uploads\/2026\/03\/wood-800x320.webp 800w, https:\/\/retechgenius.com\/wp-content\/uploads\/2026\/03\/wood-1200x480.webp 1200w, https:\/\/retechgenius.com\/wp-content\/uploads\/2026\/03\/wood.webp 1250w\" sizes=\"(max-width: 640px) 100vw, 1200px\" \/><\/span><\/div><\/div><\/div><div class=\"fusion-layout-column fusion_builder_column fusion-builder-column-1 fusion_builder_column_1_1 1_1 fusion-flex-column\" style=\"--awb-bg-size:cover;--awb-width-large:100%;--awb-margin-top-large:0px;--awb-spacing-right-large:1.92%;--awb-margin-bottom-large:20px;--awb-spacing-left-large:1.92%;--awb-width-medium:100%;--awb-order-medium:0;--awb-spacing-right-medium:1.92%;--awb-spacing-left-medium:1.92%;--awb-width-small:100%;--awb-order-small:0;--awb-spacing-right-small:1.92%;--awb-spacing-left-small:1.92%;\"><div class=\"fusion-column-wrapper fusion-column-has-shadow fusion-flex-justify-content-flex-start fusion-content-layout-column\"><div class=\"fusion-title title fusion-title-1 fusion-sep-none fusion-title-text fusion-title-size-one\" style=\"--awb-margin-top-small:10px;--awb-margin-right-small:0px;--awb-margin-bottom-small:10px;--awb-margin-left-small:0px;--awb-font-size:32px;\"><h1 class=\"fusion-title-heading title-heading-left\" style=\"margin:0;font-size:1em;\"><p style=\"font-size: 16px; letter-spacing: 4px; text-transform: uppercase; color: #0077b6; font-weight: bold; margin-bottom: 18px;\">\u00d6zel Yap\u0131m Ah\u015fap \u0130\u015fleri<\/p>\n<h1 style=\"font-size: 40px; font-weight: 800; letter-spacing: -0.8px; line-height: 1.1; margin: 0;\">Rafine Mekanlar \u0130\u00e7in <span style=\"color: #0077b6;\">Ah\u015fap \u0130\u015fleri<\/span><\/h1><\/h1><\/div><\/div><\/div><div class=\"fusion-layout-column fusion_builder_column fusion-builder-column-2 fusion_builder_column_1_1 1_1 fusion-flex-column\" style=\"--awb-bg-size:cover;--awb-width-large:100%;--awb-margin-top-large:0px;--awb-spacing-right-large:1.92%;--awb-margin-bottom-large:0px;--awb-spacing-left-large:1.92%;--awb-width-medium:100%;--awb-spacing-right-medium:1.92%;--awb-spacing-left-medium:1.92%;--awb-width-small:100%;--awb-spacing-right-small:1.92%;--awb-spacing-left-small:1.92%;\"><div class=\"fusion-column-wrapper fusion-flex-justify-content-flex-start fusion-content-layout-column\"><div class=\"fusion-text fusion-text-1\"><p style=\"margin-bottom:14px;\">Retech&#8217;te, Ah\u015fap \u0130\u015fleri b\u00f6l\u00fcm\u00fcm\u00fcz, geleneksel zanaatkarl\u0131\u011f\u0131 \u00e7a\u011fda\u015f tasar\u0131mla harmanlayarak \u00f6zel yap\u0131m ah\u015fap yap\u0131lar ve bile\u015fenler \u00fcretmektedir. \u00c7e\u015fitli uygulamalara hitap eden sofistike mimari elemanlar, \u00f6zel mobilyalar ve karma\u015f\u0131k dekoratif par\u00e7alar yaratma konusunda uzman\u0131z. <\/p>\n<p>Her proje, m\u00fc\u015fterilerimizin vizyonlar\u0131n\u0131 hayata ge\u00e7irmek i\u00e7in yaln\u0131zca en iyi keresteleri se\u00e7memiz ve geli\u015fmi\u015f ah\u015fap i\u015fleme tekniklerini uygulamam\u0131zla m\u00fckemmelli\u011fe olan ba\u011fl\u0131l\u0131\u011f\u0131m\u0131z\u0131 sergilemektedir.<\/p>\n<\/div><\/div><\/div><div class=\"fusion-layout-column fusion_builder_column fusion-builder-column-3 fusion_builder_column_1_3 1_3 fusion-flex-column\" style=\"--awb-bg-size:cover;--awb-width-large:33.333333333333%;--awb-margin-top-large:0px;--awb-spacing-right-large:5.76%;--awb-margin-bottom-large:20px;--awb-spacing-left-large:5.76%;--awb-width-medium:33.333333333333%;--awb-order-medium:0;--awb-spacing-right-medium:5.76%;--awb-spacing-left-medium:5.76%;--awb-width-small:100%;--awb-order-small:0;--awb-spacing-right-small:1.92%;--awb-spacing-left-small:1.92%;\"><div class=\"fusion-column-wrapper fusion-column-has-shadow fusion-flex-justify-content-flex-start fusion-content-layout-column\"><div class=\"fusion-text fusion-text-2\"><div style=\"text-align:center; padding:32px 16px;\">\n<p style=\"font-size:38px; font-weight:800; color:#0077B6; letter-spacing:-1px; line-height:1; margin-bottom:8px;\">CNC<\/p>\n<p style=\"font-size:11px; letter-spacing:2px; text-transform:uppercase;\">Hassas \u0130\u015fleme<\/p>\n<\/div>\n<\/div><\/div><\/div><div class=\"fusion-layout-column fusion_builder_column fusion-builder-column-4 fusion_builder_column_1_3 1_3 fusion-flex-column\" style=\"--awb-bg-size:cover;--awb-width-large:33.333333333333%;--awb-margin-top-large:0px;--awb-spacing-right-large:5.76%;--awb-margin-bottom-large:20px;--awb-spacing-left-large:5.76%;--awb-width-medium:33.333333333333%;--awb-order-medium:0;--awb-spacing-right-medium:5.76%;--awb-spacing-left-medium:5.76%;--awb-width-small:100%;--awb-order-small:0;--awb-spacing-right-small:1.92%;--awb-spacing-left-small:1.92%;\"><div class=\"fusion-column-wrapper fusion-column-has-shadow fusion-flex-justify-content-flex-start fusion-content-layout-column\"><div class=\"fusion-text fusion-text-3\"><div style=\"text-align:center; padding:32px 16px; border-left:1px solid rgba(255,255,255,0.08); border-right:1px solid rgba(255,255,255,0.08);\">\n<p style=\"font-size:38px; font-weight:800; color:#0077B6; letter-spacing:-1px; line-height:1; margin-bottom:8px;\">100%<\/p>\n<p style=\"font-size:11px; letter-spacing:2px; text-transform:uppercase;\">\u015eirket \u0130\u00e7i \u00dcretim<\/p>\n<\/div>\n<\/div><\/div><\/div><div class=\"fusion-layout-column fusion_builder_column fusion-builder-column-5 fusion_builder_column_1_3 1_3 fusion-flex-column\" style=\"--awb-bg-size:cover;--awb-width-large:33.333333333333%;--awb-margin-top-large:0px;--awb-spacing-right-large:5.76%;--awb-margin-bottom-large:20px;--awb-spacing-left-large:5.76%;--awb-width-medium:33.333333333333%;--awb-order-medium:0;--awb-spacing-right-medium:5.76%;--awb-spacing-left-medium:5.76%;--awb-width-small:100%;--awb-order-small:0;--awb-spacing-right-small:1.92%;--awb-spacing-left-small:1.92%;\"><div class=\"fusion-column-wrapper fusion-column-has-shadow fusion-flex-justify-content-flex-start fusion-content-layout-column\"><div class=\"fusion-text fusion-text-4\"><div style=\"text-align:center; padding:32px 16px;\">\n<p style=\"font-size:38px; font-weight:800; color:#0077B6; letter-spacing:-1px; line-height:1; margin-bottom:8px;\">4+<\/p>\n<p style=\"font-size:11px; letter-spacing:2px; text-transform:uppercase;\">Malzeme Se\u00e7enekleri<\/p>\n<\/div>\n<\/div><\/div><\/div><div class=\"fusion-layout-column fusion_builder_column fusion-builder-column-6 fusion_builder_column_1_1 1_1 fusion-flex-column\" style=\"--awb-bg-size:cover;--awb-width-large:100%;--awb-margin-top-large:0px;--awb-spacing-right-large:1.92%;--awb-margin-bottom-large:20px;--awb-spacing-left-large:1.92%;--awb-width-medium:100%;--awb-order-medium:0;--awb-spacing-right-medium:1.92%;--awb-spacing-left-medium:1.92%;--awb-width-small:100%;--awb-order-small:0;--awb-spacing-right-small:1.92%;--awb-spacing-left-small:1.92%;\"><div class=\"fusion-column-wrapper fusion-column-has-shadow fusion-flex-justify-content-flex-start fusion-content-layout-column\"><div class=\"fusion-text fusion-text-5\"><p style=\"margin-bottom:14px;\">CNC kontroll\u00fc ah\u015fap i\u015fleme sistemlerimiz, \u00fcst d\u00fczey mimari projeler ve \u00f6zel i\u00e7 tasar\u0131m i\u00e7in y\u00fcksek hassasiyetli bile\u015fenler sunar. L\u00fcks konutlar, \u00fcst d\u00fczey ticari alanlar ve se\u00e7kin konaklama projeleri i\u00e7in yap\u0131sal paneller, \u00f6zel mobilyalar ve karma\u015f\u0131k birle\u015fim par\u00e7alar\u0131 olu\u015fturmak \u00fczere MDF, lamine ah\u015fap, masif ah\u015fap ve hibrit kompozitlerle \u00e7al\u0131\u015f\u0131yoruz. <\/p>\n<p style=\"margin-bottom:14px;\">\u0130ster l\u00fcks yatlar i\u00e7in \u00f6zel dolaplar, ister ticari alanlar i\u00e7in ay\u0131rt edici mimari ah\u015fap i\u015fleri, isterse konaklama projeleri i\u00e7in \u00f6zel mobilyalar olsun, Retech ah\u015fab\u0131n zamans\u0131z zarafetini modern tasar\u0131m prensipleriyle birle\u015ftirerek e\u015fsiz kalite sunar.<\/p>\n<p>Uzmanl\u0131\u011f\u0131m\u0131z basit yap\u0131n\u0131n \u00f6tesine ge\u00e7mektedir. Her par\u00e7an\u0131n i\u015flevsellik, dayan\u0131kl\u0131l\u0131k ve estetik \u00e7ekicilik a\u00e7\u0131s\u0131ndan beklentileri a\u015fmas\u0131n\u0131 sa\u011flamak i\u00e7in tasar\u0131m ve \u00fcretim s\u00fcreci boyunca yenilikler yap\u0131yoruz. <\/p>\n<\/div><\/div><\/div><div class=\"fusion-layout-column fusion_builder_column fusion-builder-column-7 fusion_builder_column_1_1 1_1 fusion-flex-column\" style=\"--awb-bg-size:cover;--awb-width-large:100%;--awb-margin-top-large:25px;--awb-spacing-right-large:1.92%;--awb-margin-bottom-large:25px;--awb-spacing-left-large:1.92%;--awb-width-medium:100%;--awb-order-medium:0;--awb-spacing-right-medium:1.92%;--awb-spacing-left-medium:1.92%;--awb-width-small:100%;--awb-order-small:0;--awb-spacing-right-small:1.92%;--awb-spacing-left-small:1.92%;\"><div class=\"fusion-column-wrapper fusion-column-has-shadow fusion-flex-justify-content-flex-start fusion-content-layout-column\"><div class=\"fusion-text fusion-text-6\"><div style=\"border-left:3px solid #0077B6; padding-left:24px;\">\n<p style=\"font-style:italic;\">Retech olarak, mekanlar\u0131 ah\u015fapla d\u00f6n\u00fc\u015ft\u00fcrmeye inan\u0131yor, her par\u00e7ay\u0131 sofistike ve stilin e\u015fsiz bir ifadesi haline getiriyoruz.<\/p>\n<\/div>\n<\/div><\/div><\/div><div class=\"fusion-layout-column fusion_builder_column fusion-builder-column-8 fusion_builder_column_1_1 1_1 fusion-flex-column\" style=\"--awb-bg-size:cover;--awb-width-large:100%;--awb-margin-top-large:0px;--awb-spacing-right-large:1.92%;--awb-margin-bottom-large:20px;--awb-spacing-left-large:1.92%;--awb-width-medium:100%;--awb-order-medium:0;--awb-spacing-right-medium:1.92%;--awb-spacing-left-medium:1.92%;--awb-width-small:100%;--awb-order-small:0;--awb-spacing-right-small:1.92%;--awb-spacing-left-small:1.92%;\"><div class=\"fusion-column-wrapper fusion-column-has-shadow fusion-flex-justify-content-flex-start fusion-content-layout-column\"><div class=\"fusion-separator fusion-full-width-sep\" style=\"align-self: center;margin-left: auto;margin-right: auto;margin-top:30px;margin-bottom:30px;width:100%;\"><div class=\"fusion-separator-border sep-shadow\" style=\"--awb-height:20px;--awb-amount:20px;background:radial-gradient(ellipse at 50% -50% , var(--awb-color3) 0px, rgba(255, 255, 255, 0) 80%) repeat scroll 0 0 rgba(0, 0, 0, 0);background:-webkit-radial-gradient(ellipse at 50% -50% , var(--awb-color3) 0px, rgba(255, 255, 255, 0) 80%) repeat scroll 0 0 rgba(0, 0, 0, 0);background:-moz-radial-gradient(ellipse at 50% -50% , var(--awb-color3) 0px, rgba(255, 255, 255, 0) 80%) repeat scroll 0 0 rgba(0, 0, 0, 0);background:-o-radial-gradient(ellipse at 50% -50% , var(--awb-color3) 0px, rgba(255, 255, 255, 0) 80%) repeat scroll 0 0 rgba(0, 0, 0, 0);\"><\/div><\/div><\/div><\/div><\/div><\/div>\n","protected":false},"excerpt":{"rendered":"","protected":false},"author":3,"featured_media":0,"parent":5983,"menu_order":0,"comment_status":"closed","ping_status":"closed","template":"100-width.php","meta":{"nf_dc_page":"","_themeisle_gutenberg_block_has_review":false,"footnotes":""},"class_list":["post-6196","page","type-page","status-publish","hentry"],"yoast_head":"<!-- This site is optimized with the Yoast SEO plugin v27.3 - https:\/\/yoast.com\/product\/yoast-seo-wordpress\/ -->\n<title>Ah\u015fap \u0130\u015fleri - Retech | Industrial Architecture and Engineering Solutions<\/title>\n<meta name=\"robots\" content=\"index, follow, max-snippet:-1, max-image-preview:large, max-video-preview:-1\" \/>\n<link rel=\"canonical\" href=\"https:\/\/retechgenius.com\/tr\/uretim-kompozit-cozumleri\/ahsap-isleri\/\" \/>\n<meta property=\"og:locale\" content=\"tr_TR\" \/>\n<meta property=\"og:type\" content=\"article\" \/>\n<meta property=\"og:title\" content=\"Ah\u015fap \u0130\u015fleri - Retech | Industrial Architecture and Engineering Solutions\" \/>\n<meta property=\"og:url\" content=\"https:\/\/retechgenius.com\/tr\/uretim-kompozit-cozumleri\/ahsap-isleri\/\" \/>\n<meta property=\"og:site_name\" content=\"Retech | Industrial Architecture and Engineering Solutions\" \/>\n<meta property=\"article:modified_time\" content=\"2026-04-02T10:42:28+00:00\" \/>\n<meta name=\"twitter:card\" content=\"summary_large_image\" \/>\n<meta name=\"twitter:label1\" content=\"Tahmini okuma s\u00fcresi\" \/>\n\t<meta name=\"twitter:data1\" content=\"15 dakika\" \/>\n<script type=\"application\/ld+json\" class=\"yoast-schema-graph\">{\"@context\":\"https:\\\/\\\/schema.org\",\"@graph\":[{\"@type\":\"WebPage\",\"@id\":\"https:\\\/\\\/retechgenius.com\\\/tr\\\/uretim-kompozit-cozumleri\\\/ahsap-isleri\\\/\",\"url\":\"https:\\\/\\\/retechgenius.com\\\/tr\\\/uretim-kompozit-cozumleri\\\/ahsap-isleri\\\/\",\"name\":\"Ah\u015fap \u0130\u015fleri - Retech | Industrial Architecture and Engineering Solutions\",\"isPartOf\":{\"@id\":\"https:\\\/\\\/retechgenius.com\\\/tr\\\/#website\"},\"datePublished\":\"2026-03-23T07:03:20+00:00\",\"dateModified\":\"2026-04-02T10:42:28+00:00\",\"breadcrumb\":{\"@id\":\"https:\\\/\\\/retechgenius.com\\\/tr\\\/uretim-kompozit-cozumleri\\\/ahsap-isleri\\\/#breadcrumb\"},\"inLanguage\":\"tr\",\"potentialAction\":[{\"@type\":\"ReadAction\",\"target\":[\"https:\\\/\\\/retechgenius.com\\\/tr\\\/uretim-kompozit-cozumleri\\\/ahsap-isleri\\\/\"]}]},{\"@type\":\"BreadcrumbList\",\"@id\":\"https:\\\/\\\/retechgenius.com\\\/tr\\\/uretim-kompozit-cozumleri\\\/ahsap-isleri\\\/#breadcrumb\",\"itemListElement\":[{\"@type\":\"ListItem\",\"position\":1,\"name\":\"Home\",\"item\":\"https:\\\/\\\/retechgenius.com\\\/tr\\\/\"},{\"@type\":\"ListItem\",\"position\":2,\"name\":\"\u00dcretim &amp; Kompozit \u00c7\u00f6z\u00fcmleri\",\"item\":\"https:\\\/\\\/retechgenius.com\\\/tr\\\/uretim-kompozit-cozumleri\\\/\"},{\"@type\":\"ListItem\",\"position\":3,\"name\":\"Ah\u015fap \u0130\u015fleri\"}]},{\"@type\":\"WebSite\",\"@id\":\"https:\\\/\\\/retechgenius.com\\\/tr\\\/#website\",\"url\":\"https:\\\/\\\/retechgenius.com\\\/tr\\\/\",\"name\":\"Retech: Advanced Industrial Solutions\",\"description\":\"Advanced modular infrastructure and smart autonomous buildings for global industrial markets.\",\"publisher\":{\"@id\":\"https:\\\/\\\/retechgenius.com\\\/tr\\\/#organization\"},\"potentialAction\":[{\"@type\":\"SearchAction\",\"target\":{\"@type\":\"EntryPoint\",\"urlTemplate\":\"https:\\\/\\\/retechgenius.com\\\/tr\\\/?s={search_term_string}\"},\"query-input\":{\"@type\":\"PropertyValueSpecification\",\"valueRequired\":true,\"valueName\":\"search_term_string\"}}],\"inLanguage\":\"tr\"},{\"@type\":\"Organization\",\"@id\":\"https:\\\/\\\/retechgenius.com\\\/tr\\\/#organization\",\"name\":\"Retech\",\"url\":\"https:\\\/\\\/retechgenius.com\\\/tr\\\/\",\"logo\":{\"@type\":\"ImageObject\",\"inLanguage\":\"tr\",\"@id\":\"https:\\\/\\\/retechgenius.com\\\/tr\\\/#\\\/schema\\\/logo\\\/image\\\/\",\"url\":\"https:\\\/\\\/i0.wp.com\\\/retechgenius.com\\\/wp-content\\\/uploads\\\/2024\\\/03\\\/Retech.jpg?fit=705%2C350\",\"contentUrl\":\"https:\\\/\\\/i0.wp.com\\\/retechgenius.com\\\/wp-content\\\/uploads\\\/2024\\\/03\\\/Retech.jpg?fit=705%2C350\",\"width\":705,\"height\":350,\"caption\":\"Retech\"},\"image\":{\"@id\":\"https:\\\/\\\/retechgenius.com\\\/tr\\\/#\\\/schema\\\/logo\\\/image\\\/\"},\"sameAs\":[\"https:\\\/\\\/www.linkedin.com\\\/company\\\/retech-composite-solutions\\\/\"]}]}<\/script>\n<!-- \/ Yoast SEO plugin. -->","yoast_head_json":{"title":"Ah\u015fap \u0130\u015fleri - Retech | Industrial Architecture and Engineering Solutions","robots":{"index":"index","follow":"follow","max-snippet":"max-snippet:-1","max-image-preview":"max-image-preview:large","max-video-preview":"max-video-preview:-1"},"canonical":"https:\/\/retechgenius.com\/tr\/uretim-kompozit-cozumleri\/ahsap-isleri\/","og_locale":"tr_TR","og_type":"article","og_title":"Ah\u015fap \u0130\u015fleri - Retech | Industrial Architecture and Engineering Solutions","og_url":"https:\/\/retechgenius.com\/tr\/uretim-kompozit-cozumleri\/ahsap-isleri\/","og_site_name":"Retech | Industrial Architecture and Engineering Solutions","article_modified_time":"2026-04-02T10:42:28+00:00","twitter_card":"summary_large_image","twitter_misc":{"Tahmini okuma s\u00fcresi":"15 dakika"},"schema":{"@context":"https:\/\/schema.org","@graph":[{"@type":"WebPage","@id":"https:\/\/retechgenius.com\/tr\/uretim-kompozit-cozumleri\/ahsap-isleri\/","url":"https:\/\/retechgenius.com\/tr\/uretim-kompozit-cozumleri\/ahsap-isleri\/","name":"Ah\u015fap \u0130\u015fleri - Retech | Industrial Architecture and Engineering Solutions","isPartOf":{"@id":"https:\/\/retechgenius.com\/tr\/#website"},"datePublished":"2026-03-23T07:03:20+00:00","dateModified":"2026-04-02T10:42:28+00:00","breadcrumb":{"@id":"https:\/\/retechgenius.com\/tr\/uretim-kompozit-cozumleri\/ahsap-isleri\/#breadcrumb"},"inLanguage":"tr","potentialAction":[{"@type":"ReadAction","target":["https:\/\/retechgenius.com\/tr\/uretim-kompozit-cozumleri\/ahsap-isleri\/"]}]},{"@type":"BreadcrumbList","@id":"https:\/\/retechgenius.com\/tr\/uretim-kompozit-cozumleri\/ahsap-isleri\/#breadcrumb","itemListElement":[{"@type":"ListItem","position":1,"name":"Home","item":"https:\/\/retechgenius.com\/tr\/"},{"@type":"ListItem","position":2,"name":"\u00dcretim &amp; Kompozit \u00c7\u00f6z\u00fcmleri","item":"https:\/\/retechgenius.com\/tr\/uretim-kompozit-cozumleri\/"},{"@type":"ListItem","position":3,"name":"Ah\u015fap \u0130\u015fleri"}]},{"@type":"WebSite","@id":"https:\/\/retechgenius.com\/tr\/#website","url":"https:\/\/retechgenius.com\/tr\/","name":"Retech: Advanced Industrial Solutions","description":"Advanced modular infrastructure and smart autonomous buildings for global industrial markets.","publisher":{"@id":"https:\/\/retechgenius.com\/tr\/#organization"},"potentialAction":[{"@type":"SearchAction","target":{"@type":"EntryPoint","urlTemplate":"https:\/\/retechgenius.com\/tr\/?s={search_term_string}"},"query-input":{"@type":"PropertyValueSpecification","valueRequired":true,"valueName":"search_term_string"}}],"inLanguage":"tr"},{"@type":"Organization","@id":"https:\/\/retechgenius.com\/tr\/#organization","name":"Retech","url":"https:\/\/retechgenius.com\/tr\/","logo":{"@type":"ImageObject","inLanguage":"tr","@id":"https:\/\/retechgenius.com\/tr\/#\/schema\/logo\/image\/","url":"https:\/\/i0.wp.com\/retechgenius.com\/wp-content\/uploads\/2024\/03\/Retech.jpg?fit=705%2C350","contentUrl":"https:\/\/i0.wp.com\/retechgenius.com\/wp-content\/uploads\/2024\/03\/Retech.jpg?fit=705%2C350","width":705,"height":350,"caption":"Retech"},"image":{"@id":"https:\/\/retechgenius.com\/tr\/#\/schema\/logo\/image\/"},"sameAs":["https:\/\/www.linkedin.com\/company\/retech-composite-solutions\/"]}]}},"_links":{"self":[{"href":"https:\/\/retechgenius.com\/tr\/wp-json\/wp\/v2\/pages\/6196","targetHints":{"allow":["GET"]}}],"collection":[{"href":"https:\/\/retechgenius.com\/tr\/wp-json\/wp\/v2\/pages"}],"about":[{"href":"https:\/\/retechgenius.com\/tr\/wp-json\/wp\/v2\/types\/page"}],"author":[{"embeddable":true,"href":"https:\/\/retechgenius.com\/tr\/wp-json\/wp\/v2\/users\/3"}],"replies":[{"embeddable":true,"href":"https:\/\/retechgenius.com\/tr\/wp-json\/wp\/v2\/comments?post=6196"}],"version-history":[{"count":7,"href":"https:\/\/retechgenius.com\/tr\/wp-json\/wp\/v2\/pages\/6196\/revisions"}],"predecessor-version":[{"id":6231,"href":"https:\/\/retechgenius.com\/tr\/wp-json\/wp\/v2\/pages\/6196\/revisions\/6231"}],"up":[{"embeddable":true,"href":"https:\/\/retechgenius.com\/tr\/wp-json\/wp\/v2\/pages\/5983"}],"wp:attachment":[{"href":"https:\/\/retechgenius.com\/tr\/wp-json\/wp\/v2\/media?parent=6196"}],"curies":[{"name":"wp","href":"https:\/\/api.w.org\/{rel}","templated":true}]}}